{"id":47702,"date":"2025-07-30T08:39:39","date_gmt":"2025-07-30T08:39:39","guid":{"rendered":"https:\/\/demo.mfwa.org\/?page_id=47702"},"modified":"2025-08-03T07:27:19","modified_gmt":"2025-08-03T07:27:19","slug":"institutional-development","status":"publish","type":"page","link":"https:\/\/mfwa.org\/fr\/programmes\/institutional-development\/","title":{"rendered":"D\u00e9veloppement Institutionnel"},"content":{"rendered":"\t\t<div data-elementor-type=\"wp-page\" data-elementor-id=\"47702\" class=\"elementor elementor-47702\" data-elementor-post-type=\"page\">\n\t\t\t\t\t\t<section class=\"elementor-section elementor-top-section elementor-element elementor-element-2fb1b71 elementor-section-full_width elementor-section-stretched elementor-section-height-default elementor-section-height-default sc_fly_static\" data-id=\"2fb1b71\" data-element_type=\"section\" data-e-type=\"section\" data-settings=\"{&quot;stretch_section&quot;:&quot;section-stretched&quot;}\">\n\t\t\t\t\t\t<div class=\"elementor-container elementor-column-gap-no\">\n\t\t\t\t\t<div class=\"elementor-column elementor-col-100 elementor-top-column elementor-element elementor-element-aeff7cd sc_content_align_inherit sc_layouts_column_icons_position_left sc_fly_static\" data-id=\"aeff7cd\" data-element_type=\"column\" data-e-type=\"column\">\n\t\t\t<div class=\"elementor-widget-wrap elementor-element-populated\">\n\t\t\t\t\t\t<div class=\"elementor-element elementor-element-5da64ef sc_fly_static elementor-widget elementor-widget-image\" data-id=\"5da64ef\" data-element_type=\"widget\" data-e-type=\"widget\" data-widget_type=\"image.default\">\n\t\t\t\t<div class=\"elementor-widget-container\">\n\t\t\t\t\t\t\t\t\t\t\t\t\t\t\t<img fetchpriority=\"high\" decoding=\"async\" width=\"2000\" height=\"794\" src=\"https:\/\/mfwa.org\/wp-content\/uploads\/2025\/07\/dev.jpg\" class=\"attachment-full size-full wp-image-46736\" alt=\"\" srcset=\"https:\/\/mfwa.org\/wp-content\/uploads\/2025\/07\/dev.jpg 2000w, https:\/\/mfwa.org\/wp-content\/uploads\/2025\/07\/dev-600x238.jpg 600w, https:\/\/mfwa.org\/wp-content\/uploads\/2025\/07\/dev-1024x407.jpg 1024w, https:\/\/mfwa.org\/wp-content\/uploads\/2025\/07\/dev-768x305.jpg 768w, https:\/\/mfwa.org\/wp-content\/uploads\/2025\/07\/dev-1536x610.jpg 1536w, https:\/\/mfwa.org\/wp-content\/uploads\/2025\/07\/dev-370x147.jpg 370w, https:\/\/mfwa.org\/wp-content\/uploads\/2025\/07\/dev-840x333.jpg 840w, https:\/\/mfwa.org\/wp-content\/uploads\/2025\/07\/dev-410x163.jpg 410w\" sizes=\"(max-width: 2000px) 100vw, 2000px\" \/>\t\t\t\t\t\t\t\t\t\t\t\t\t\t\t<\/div>\n\t\t\t\t<\/div>\n\t\t\t\t\t<\/div>\n\t\t<\/div>\n\t\t\t\t\t<\/div>\n\t\t<\/section>\n\t\t\t\t<section class=\"elementor-section-with-custom-width elementor-section elementor-top-section elementor-element elementor-element-d36dbf8 elementor-reverse-mobile elementor-section-boxed elementor-section-height-default elementor-section-height-default sc_fly_static\" data-id=\"d36dbf8\" data-element_type=\"section\" data-e-type=\"section\">\n\t\t\t\t\t\t<div class=\"elementor-container elementor-column-gap-default\">\n\t\t\t\t\t<div class=\"elementor-column elementor-col-50 elementor-top-column elementor-element elementor-element-40b0107 sc_content_align_inherit sc_layouts_column_icons_position_left sc_fly_static\" data-id=\"40b0107\" data-element_type=\"column\" data-e-type=\"column\">\n\t\t\t<div class=\"elementor-widget-wrap elementor-element-populated\">\n\t\t\t\t\t\t<div class=\"elementor-element elementor-element-4546c81 sc_fly_static elementor-widget elementor-widget-html\" data-id=\"4546c81\" data-element_type=\"widget\" data-e-type=\"widget\" data-widget_type=\"html.default\">\n\t\t\t\t<div class=\"elementor-widget-container\">\n\t\t\t\t\t<!DOCTYPE html>\n<html lang=\"en\">\n<head>\n  <meta charset=\"UTF-8\">\n  <title>MFWA\u2011style Sidebar Menu<\/title>\n  <style>\n    body {\n      margin: 0;\n      font-family: \"Segoe UI\", Tahoma, Geneva, Verdana, sans-serif;\n      display: flex;\n      background-color: #f5f5f5;\n    }\n\n    .sidebar {\n      position: fixed;\n      top: 20px;\n      left: 20px;\n      width: 100%;\n      background: #fff;\n      border: 1px solid #ddd;\n      border-radius: 4px;\n      padding: 10px 0;\n      box-shadow: 0 1px 3px rgba(0,0,0,0.1);\n    }\n\n    .sidebar ul {\n      list-style: none;\n      margin: 0;\n      padding: 0;\n      height: 300px;\n      overflow-y: auto;\n    }\n\n    .sidebar ul li {\n      margin: 0;\n    }\n\n    .sidebar ul li a {\n      display: block;\n      padding: 10px 20px;\n      color: #c12d2b;\n      text-decoration: none;\n      font-size: 18px;\n      border-left: 3px solid transparent;\n      transition: background 0.2s, border-color 0.2s;\n      font-weight: 760;\n    }\n\n    .sidebar ul li a:hover {\n      background-color: #f0f0f0;\n      border-left-color: #0078d7;\n      color: #c12d2b;\n    }\n\n    .content {\n      margin-left: 240px;\n      padding: 40px;\n      flex: 1;\n    }\n\n    .dummy-content {\n      height: auto;\n    }\n  <\/style>\n<\/head>\n<body>\n\n  <nav class=\"sidebar\">\n      <h3 style=\"padding-left: 20px;\">Acc\u00e8s Rapide<\/h3>\n    <ul>\n      \n      <li><a href=\"https:\/\/mfwa.org\/fr\/programmes\/institutional-development\/about\">A Propos de nos Programmes<\/a><\/li>\n      <li><a href=\"https:\/\/mfwa.org\/fr\/programmes\/institutional-development\/our-activities\">Nos Activit\u00e9s & Projets<\/a><\/li>\n      <li><a href=\"https:\/\/mfwa.org\/fr\/programmes\/institutional-development\/the-team\">L'Equipe<\/a><\/li>\n      <li><a href=\"https:\/\/mfwa.org\/fr\/programmes\/institutional-development\/success-stories\">R\u00e9cits de succ\u00e8s<\/a><\/li>\n      <li><a href=\"https:\/\/mfwa.org\/fr\/donate\">Donate<\/a><\/li>\n    <\/ul>\n  <\/nav>\n\n  <main class=\"content\">\n    <div class=\"dummy-content\"><\/div>\n  <\/main>\n\n<\/body>\n<\/html>\n\n\n\t\t\t\t<\/div>\n\t\t\t\t<\/div>\n\t\t\t\t\t<\/div>\n\t\t<\/div>\n\t\t\t\t<div class=\"elementor-column elementor-col-50 elementor-top-column elementor-element elementor-element-f6bc9de sc_content_align_inherit sc_layouts_column_icons_position_left sc_fly_static\" data-id=\"f6bc9de\" data-element_type=\"column\" data-e-type=\"column\">\n\t\t\t<div class=\"elementor-widget-wrap elementor-element-populated\">\n\t\t\t\t\t\t<div class=\"elementor-element elementor-element-8bd83cf sc_fly_static elementor-widget elementor-widget-trx_sc_layouts_title\" data-id=\"8bd83cf\" data-element_type=\"widget\" data-e-type=\"widget\" data-widget_type=\"trx_sc_layouts_title.default\">\n\t\t\t\t<div class=\"elementor-widget-container\">\n\t\t\t\t\t<div class=\"sc_layouts_title with_content without_image without_tint\" ><div class=\"sc_layouts_title_content\"><div class=\"sc_layouts_title_title\"><h1 class=\"sc_layouts_title_caption\">D\u00e9veloppement Institutionnel<\/h1><\/div><div class=\"sc_layouts_title_breadcrumbs\"><div class=\"breadcrumbs\"><a class=\"breadcrumbs_item home\" href=\"https:\/\/mfwa.org\/fr\/\">Home<\/a><span class=\"breadcrumbs_delimiter\"><\/span><span class=\"breadcrumbs_item current\">D\u00e9veloppement Institutionnel<\/span><\/div><\/div><\/div><\/div>\t\t\t\t<\/div>\n\t\t\t\t<\/div>\n\t\t\t\t<div class=\"elementor-element elementor-element-593c9aa sc_fly_static elementor-widget elementor-widget-text-editor\" data-id=\"593c9aa\" data-element_type=\"widget\" data-e-type=\"widget\" data-widget_type=\"text-editor.default\">\n\t\t\t\t<div class=\"elementor-widget-container\">\n\t\t\t\t\t\t\t\t\t<div class=\"td-fix-index\"><div><p class=\"ox-ffd142e7f3-MsoNormal\"><span class=\"VIiyi\" lang=\"fr\"><span class=\"JLqJ4b\" data-language-for-alternatives=\"fr\" data-language-to-translate-into=\"en\" data-phrase-index=\"0\">Nous cherchons \u00e0 construire une institution efficace, agile et r\u00e9siliente qui r\u00e9pond \u00e0 toutes les exigences d\u2019une organisation moderne et efficace. Par cons\u00e9quent, tout en nous concentrant sur la r\u00e9alisation de projets et de programmes percutants, nous nous engageons \u00e9galement \u00e0 b\u00e2tir une organisation durable hautement professionnelle dans l\u2019ex\u00e9cution de son mandat. C\u2019est pourquoi nous avons un programme d\u00e9di\u00e9 qui vise uniquement \u00e0 garantir que l\u2019organisation est aussi efficace que possible. <\/span><\/span><\/p><p class=\"ox-ffd142e7f3-MsoNormal\"><span class=\"VIiyi\" lang=\"fr\"><span class=\"JLqJ4b\" data-language-for-alternatives=\"fr\" data-language-to-translate-into=\"en\" data-phrase-index=\"0\">Ce domaine de programme se concentre donc sur: <\/span><\/span><\/p><p class=\"ox-ffd142e7f3-MsoNormal\"><span class=\"VIiyi\" lang=\"fr\"><span class=\"JLqJ4b\" data-language-for-alternatives=\"fr\" data-language-to-translate-into=\"en\" data-phrase-index=\"0\">Surveiller, \u00e9valuer et renforcer en permanence les politiques et pratiques institutionnelles pour s\u2019assurer qu\u2019elles sont conformes aux meilleures pratiques mondiales Assurer le respect des politiques et des syst\u00e8mes institutionnels ainsi que de ceux de nos bailleurs de fonds pour garantir l\u2019optimisation des ressources dans tout ce que nous faisons Renforcer la capacit\u00e9 de notre personnel et de ceux de nos organisations partenaires nationales \u00e0 travers la r\u00e9gion pour une ex\u00e9cution optimale de nos projets et programmes Communiquer les r\u00e9sultats, l\u2019impact et les apprentissages avec nos partenaires et bailleurs de fonds pour inspirer et fa\u00e7onner la r\u00e9flexion future. <\/span><\/span><\/p><p class=\"ox-ffd142e7f3-MsoNormal\"><span class=\"VIiyi\" lang=\"fr\"><span class=\"JLqJ4b\" data-language-for-alternatives=\"fr\" data-language-to-translate-into=\"en\" data-phrase-index=\"0\">Vous pouvez en savoir plus sur ce que nous faisons ou notre strat\u00e9gie globale.<\/span><\/span><\/p><\/div><\/div>\t\t\t\t\t\t\t\t<\/div>\n\t\t\t\t<\/div>\n\t\t\t\t\t<\/div>\n\t\t<\/div>\n\t\t\t\t\t<\/div>\n\t\t<\/section>\n\t\t\t\t<\/div>\n\t\t","protected":false},"excerpt":{"rendered":"<p>MFWA\u2011style Sidebar Menu Acc\u00e8s Rapide A Propos de nos Programmes Nos Activit\u00e9s &#038; Projets L&#8217;Equipe R\u00e9cits de succ\u00e8s<\/p>\n","protected":false},"author":65,"featured_media":0,"parent":46643,"menu_order":0,"comment_status":"closed","ping_status":"closed","template":"","meta":{"footnotes":""},"staff-position":[],"class_list":["post-47702","page","type-page","status-publish","hentry"],"_links":{"self":[{"href":"https:\/\/mfwa.org\/fr\/wp-json\/wp\/v2\/pages\/47702","targetHints":{"allow":["GET"]}}],"collection":[{"href":"https:\/\/mfwa.org\/fr\/wp-json\/wp\/v2\/pages"}],"about":[{"href":"https:\/\/mfwa.org\/fr\/wp-json\/wp\/v2\/types\/page"}],"author":[{"embeddable":true,"href":"https:\/\/mfwa.org\/fr\/wp-json\/wp\/v2\/users\/65"}],"replies":[{"embeddable":true,"href":"https:\/\/mfwa.org\/fr\/wp-json\/wp\/v2\/comments?post=47702"}],"version-history":[{"count":11,"href":"https:\/\/mfwa.org\/fr\/wp-json\/wp\/v2\/pages\/47702\/revisions"}],"predecessor-version":[{"id":48257,"href":"https:\/\/mfwa.org\/fr\/wp-json\/wp\/v2\/pages\/47702\/revisions\/48257"}],"up":[{"embeddable":true,"href":"https:\/\/mfwa.org\/fr\/wp-json\/wp\/v2\/pages\/46643"}],"wp:attachment":[{"href":"https:\/\/mfwa.org\/fr\/wp-json\/wp\/v2\/media?parent=47702"}],"wp:term":[{"taxonomy":"staff-position","embeddable":true,"href":"https:\/\/mfwa.org\/fr\/wp-json\/wp\/v2\/staff-position?post=47702"}],"curies":[{"name":"wp","href":"https:\/\/api.w.org\/{rel}","templated":true}]}}