{"id":47690,"date":"2025-07-30T08:21:18","date_gmt":"2025-07-30T08:21:18","guid":{"rendered":"https:\/\/demo.mfwa.org\/?page_id=47690"},"modified":"2025-08-03T07:23:54","modified_gmt":"2025-08-03T07:23:54","slug":"digital-rights","status":"publish","type":"page","link":"https:\/\/mfwa.org\/fr\/programmes\/digital-rights\/","title":{"rendered":"Droits Num\u00e9riques"},"content":{"rendered":"\t\t<div data-elementor-type=\"wp-page\" data-elementor-id=\"47690\" class=\"elementor elementor-47690\" data-elementor-post-type=\"page\">\n\t\t\t\t\t\t<section class=\"elementor-section elementor-top-section elementor-element elementor-element-2fb1b71 elementor-section-full_width elementor-section-stretched elementor-section-height-default elementor-section-height-default sc_fly_static\" data-id=\"2fb1b71\" data-element_type=\"section\" data-e-type=\"section\" data-settings=\"{&quot;stretch_section&quot;:&quot;section-stretched&quot;}\">\n\t\t\t\t\t\t<div class=\"elementor-container elementor-column-gap-no\">\n\t\t\t\t\t<div class=\"elementor-column elementor-col-100 elementor-top-column elementor-element elementor-element-aeff7cd sc_content_align_inherit sc_layouts_column_icons_position_left sc_fly_static\" data-id=\"aeff7cd\" data-element_type=\"column\" data-e-type=\"column\">\n\t\t\t<div class=\"elementor-widget-wrap elementor-element-populated\">\n\t\t\t\t\t\t<div class=\"elementor-element elementor-element-5da64ef sc_fly_static elementor-widget elementor-widget-image\" data-id=\"5da64ef\" data-element_type=\"widget\" data-e-type=\"widget\" data-widget_type=\"image.default\">\n\t\t\t\t<div class=\"elementor-widget-container\">\n\t\t\t\t\t\t\t\t\t\t\t\t\t\t\t<img fetchpriority=\"high\" decoding=\"async\" width=\"2000\" height=\"794\" src=\"https:\/\/mfwa.org\/wp-content\/uploads\/2025\/07\/prv.jpg\" class=\"attachment-full size-full wp-image-46752\" alt=\"\" srcset=\"https:\/\/mfwa.org\/wp-content\/uploads\/2025\/07\/prv.jpg 2000w, https:\/\/mfwa.org\/wp-content\/uploads\/2025\/07\/prv-600x238.jpg 600w, https:\/\/mfwa.org\/wp-content\/uploads\/2025\/07\/prv-1024x407.jpg 1024w, https:\/\/mfwa.org\/wp-content\/uploads\/2025\/07\/prv-768x305.jpg 768w, https:\/\/mfwa.org\/wp-content\/uploads\/2025\/07\/prv-1536x610.jpg 1536w, https:\/\/mfwa.org\/wp-content\/uploads\/2025\/07\/prv-370x147.jpg 370w, https:\/\/mfwa.org\/wp-content\/uploads\/2025\/07\/prv-840x333.jpg 840w, https:\/\/mfwa.org\/wp-content\/uploads\/2025\/07\/prv-410x163.jpg 410w\" sizes=\"(max-width: 2000px) 100vw, 2000px\" \/>\t\t\t\t\t\t\t\t\t\t\t\t\t\t\t<\/div>\n\t\t\t\t<\/div>\n\t\t\t\t\t<\/div>\n\t\t<\/div>\n\t\t\t\t\t<\/div>\n\t\t<\/section>\n\t\t\t\t<section class=\"elementor-section-with-custom-width elementor-section elementor-top-section elementor-element elementor-element-d36dbf8 elementor-reverse-mobile elementor-section-boxed elementor-section-height-default elementor-section-height-default sc_fly_static\" data-id=\"d36dbf8\" data-element_type=\"section\" data-e-type=\"section\">\n\t\t\t\t\t\t<div class=\"elementor-container elementor-column-gap-default\">\n\t\t\t\t\t<div class=\"elementor-column elementor-col-50 elementor-top-column elementor-element elementor-element-40b0107 sc_content_align_inherit sc_layouts_column_icons_position_left sc_fly_static\" data-id=\"40b0107\" data-element_type=\"column\" data-e-type=\"column\">\n\t\t\t<div class=\"elementor-widget-wrap elementor-element-populated\">\n\t\t\t\t\t\t<div class=\"elementor-element elementor-element-4546c81 sc_fly_static elementor-widget elementor-widget-html\" data-id=\"4546c81\" data-element_type=\"widget\" data-e-type=\"widget\" data-widget_type=\"html.default\">\n\t\t\t\t<div class=\"elementor-widget-container\">\n\t\t\t\t\t<!DOCTYPE html>\n<html lang=\"en\">\n<head>\n  <meta charset=\"UTF-8\">\n  <title>MFWA\u2011style Sidebar Menu<\/title>\n  <style>\n    body {\n      margin: 0;\n      font-family: \"Segoe UI\", Tahoma, Geneva, Verdana, sans-serif;\n      display: flex;\n      background-color: #f5f5f5;\n    }\n\n    .sidebar {\n      position: fixed;\n      top: 20px;\n      left: 20px;\n      width: 100%;\n      background: #fff;\n      border: 1px solid #ddd;\n      border-radius: 4px;\n      padding: 10px 0;\n      box-shadow: 0 1px 3px rgba(0,0,0,0.1);\n    }\n\n    .sidebar ul {\n      list-style: none;\n      margin: 0;\n      padding: 0;\n      height: 300px;\n      overflow-y: auto;\n    }\n\n    .sidebar ul li {\n      margin: 0;\n    }\n\n    .sidebar ul li a {\n      display: block;\n      padding: 10px 20px;\n      color: #c12d2b;\n      text-decoration: none;\n      font-size: 18px;\n      border-left: 3px solid transparent;\n      transition: background 0.2s, border-color 0.2s;\n      font-weight: 760;\n    }\n\n    .sidebar ul li a:hover {\n      background-color: #f0f0f0;\n      border-left-color: #0078d7;\n      color: #c12d2b;\n    }\n\n    .content {\n      margin-left: 240px;\n      padding: 40px;\n      flex: 1;\n    }\n\n    .dummy-content {\n      height: auto;\n    }\n  <\/style>\n<\/head>\n<body>\n\n  <nav class=\"sidebar\">\n      <h3 style=\"padding-left: 20px;\">Acc\u00e8s Rapide<\/h3>\n    <ul>\n      \n      <li><a href=\"https:\/\/mfwa.org\/fr\/programmes\/digital-rights\/our-activities\">Nos Activit\u00e9s & Projets<\/a><\/li>\n      <li><a href=\"https:\/\/mfwa.org\/fr\/programmes\/digital-rights\/the-team\">L'Equipe<\/a><\/li>\n      <li><a href=\"https:\/\/mfwa.org\/fr\/programmes\/digital-rights\/success-stories\">R\u00e9cits de Succ\u00e8s<\/a><\/li>\n      <li><a href=\"https:\/\/mfwa.org\/fr\/donate\">Faire un Don<\/a><\/li>\n    <\/ul>\n  <\/nav>\n\n  <main class=\"content\">\n    <div class=\"dummy-content\"><\/div>\n  <\/main>\n\n<\/body>\n<\/html>\n\n\n\t\t\t\t<\/div>\n\t\t\t\t<\/div>\n\t\t\t\t\t<\/div>\n\t\t<\/div>\n\t\t\t\t<div class=\"elementor-column elementor-col-50 elementor-top-column elementor-element elementor-element-f6bc9de sc_content_align_inherit sc_layouts_column_icons_position_left sc_fly_static\" data-id=\"f6bc9de\" data-element_type=\"column\" data-e-type=\"column\">\n\t\t\t<div class=\"elementor-widget-wrap elementor-element-populated\">\n\t\t\t\t\t\t<div class=\"elementor-element elementor-element-8bd83cf sc_fly_static elementor-widget elementor-widget-trx_sc_layouts_title\" data-id=\"8bd83cf\" data-element_type=\"widget\" data-e-type=\"widget\" data-widget_type=\"trx_sc_layouts_title.default\">\n\t\t\t\t<div class=\"elementor-widget-container\">\n\t\t\t\t\t<div class=\"sc_layouts_title with_content without_image without_tint\" ><div class=\"sc_layouts_title_content\"><div class=\"sc_layouts_title_title\"><h1 class=\"sc_layouts_title_caption\">Droits Num\u00e9riques<\/h1><\/div><div class=\"sc_layouts_title_breadcrumbs\"><div class=\"breadcrumbs\"><a class=\"breadcrumbs_item home\" href=\"https:\/\/mfwa.org\/fr\/\">Home<\/a><span class=\"breadcrumbs_delimiter\"><\/span><span class=\"breadcrumbs_item current\">Droits Num\u00e9riques<\/span><\/div><\/div><\/div><\/div>\t\t\t\t<\/div>\n\t\t\t\t<\/div>\n\t\t\t\t<div class=\"elementor-element elementor-element-593c9aa sc_fly_static elementor-widget elementor-widget-text-editor\" data-id=\"593c9aa\" data-element_type=\"widget\" data-e-type=\"widget\" data-widget_type=\"text-editor.default\">\n\t\t\t\t<div class=\"elementor-widget-container\">\n\t\t\t\t\t\t\t\t\t<div class=\"td-fix-index\"><p>The online space is increasingly becoming a central part of our lives. Its role in facilitating the exercise of rights; participation in national discourse; demand for accountability and transparency from duty-bearers; and the strengthening of democratic processes in general cannot be underestimated.<\/p><p>Fortunately, internet penetration and access to digital devices is steadily increasing across West Africa. Access to mobile connectivity, in particular, is facilitating participation in governance processes, expression and socio-economic empowerment and development.<\/p><p>Many people in the region are, however, left behind in the digital revolution due to factors such as accessibility, affordability, safety and security concerns which deny them the opportunity to communicate, socialise and participate in national discourse.<\/p><p>Unfortunately, for the few who are connected, governments in the region are increasingly exploiting already existing laws, and introducing new ones to limit their expression and other activities online.<\/p><p>There is also the challenge of gender inequality in online spaces. Gender inequality in access and use of the internet in a number of West African countries is quite alarming. \u00a0In a number of countries in the region, less than 10 percent of women have regular internet access.<\/p><p>To respond to the above challenges and other emerging ones, the MFWA has decoupled digital rights from its freedom of expression programme to make it a full programme with a focus on only digital rights issue. Through the Digital Rights Programme, the MFWA will work with its partners towards ensuring:<\/p><p>A freer and safer online environment for expression and participation by all, especially, women.<\/p><p>The Digital Rights Programme generally focuses on:<\/p><ul><li>Improving policy environment through research and stakeholder engagements<\/li><li>Free expression online<\/li><li>Cybersecurity<\/li><li>Gender Digital Equity and Equality aimed at empowering women to assert their online rights and take advantage of the potential of the internet<\/li><\/ul><p>You may read more about\u00a0<strong><a href=\"https:\/\/www.mfwa.org\/programmes\/\">What We Do<\/a>\u00a0or our\u00a0<a href=\"https:\/\/www.mfwa.org\/wp-content\/uploads\/2022\/06\/MFWA-2022-2024-Strategic-Plan.pdf\">Overall Strategy.<\/a><\/strong><\/p><\/div>\t\t\t\t\t\t\t\t<\/div>\n\t\t\t\t<\/div>\n\t\t\t\t\t<\/div>\n\t\t<\/div>\n\t\t\t\t\t<\/div>\n\t\t<\/section>\n\t\t\t\t<\/div>\n\t\t","protected":false},"excerpt":{"rendered":"<p>MFWA\u2011style Sidebar Menu Acc\u00e8s Rapide Nos Activit\u00e9s &#038; Projets L&#8217;Equipe R\u00e9cits de Succ\u00e8s Faire un Don Page (post)<\/p>\n","protected":false},"author":65,"featured_media":0,"parent":46643,"menu_order":0,"comment_status":"closed","ping_status":"closed","template":"","meta":{"footnotes":""},"staff-position":[],"class_list":["post-47690","page","type-page","status-publish","hentry"],"_links":{"self":[{"href":"https:\/\/mfwa.org\/fr\/wp-json\/wp\/v2\/pages\/47690","targetHints":{"allow":["GET"]}}],"collection":[{"href":"https:\/\/mfwa.org\/fr\/wp-json\/wp\/v2\/pages"}],"about":[{"href":"https:\/\/mfwa.org\/fr\/wp-json\/wp\/v2\/types\/page"}],"author":[{"embeddable":true,"href":"https:\/\/mfwa.org\/fr\/wp-json\/wp\/v2\/users\/65"}],"replies":[{"embeddable":true,"href":"https:\/\/mfwa.org\/fr\/wp-json\/wp\/v2\/comments?post=47690"}],"version-history":[{"count":11,"href":"https:\/\/mfwa.org\/fr\/wp-json\/wp\/v2\/pages\/47690\/revisions"}],"predecessor-version":[{"id":48245,"href":"https:\/\/mfwa.org\/fr\/wp-json\/wp\/v2\/pages\/47690\/revisions\/48245"}],"up":[{"embeddable":true,"href":"https:\/\/mfwa.org\/fr\/wp-json\/wp\/v2\/pages\/46643"}],"wp:attachment":[{"href":"https:\/\/mfwa.org\/fr\/wp-json\/wp\/v2\/media?parent=47690"}],"wp:term":[{"taxonomy":"staff-position","embeddable":true,"href":"https:\/\/mfwa.org\/fr\/wp-json\/wp\/v2\/staff-position?post=47690"}],"curies":[{"name":"wp","href":"https:\/\/api.w.org\/{rel}","templated":true}]}}