{"id":47685,"date":"2025-07-30T08:16:55","date_gmt":"2025-07-30T08:16:55","guid":{"rendered":"https:\/\/demo.mfwa.org\/?page_id=47685"},"modified":"2025-07-30T08:56:06","modified_gmt":"2025-07-30T08:56:06","slug":"the-team-id","status":"publish","type":"page","link":"https:\/\/mfwa.org\/fr\/programmes\/institutional-development\/the-team-id\/","title":{"rendered":"L&#8217;Equipe"},"content":{"rendered":"\t\t<div data-elementor-type=\"wp-page\" data-elementor-id=\"47685\" class=\"elementor elementor-47685\" data-elementor-post-type=\"page\">\n\t\t\t\t\t\t<section class=\"elementor-section elementor-top-section elementor-element elementor-element-2fb1b71 elementor-section-full_width elementor-section-stretched elementor-section-height-default elementor-section-height-default sc_fly_static\" data-id=\"2fb1b71\" data-element_type=\"section\" data-e-type=\"section\" data-settings=\"{&quot;stretch_section&quot;:&quot;section-stretched&quot;}\">\n\t\t\t\t\t\t<div class=\"elementor-container elementor-column-gap-no\">\n\t\t\t\t\t<div class=\"elementor-column elementor-col-100 elementor-top-column elementor-element elementor-element-aeff7cd sc_content_align_inherit sc_layouts_column_icons_position_left sc_fly_static\" data-id=\"aeff7cd\" data-element_type=\"column\" data-e-type=\"column\">\n\t\t\t<div class=\"elementor-widget-wrap elementor-element-populated\">\n\t\t\t\t\t\t<div class=\"elementor-element elementor-element-5da64ef sc_fly_static elementor-widget elementor-widget-image\" data-id=\"5da64ef\" data-element_type=\"widget\" data-e-type=\"widget\" data-widget_type=\"image.default\">\n\t\t\t\t<div class=\"elementor-widget-container\">\n\t\t\t\t\t\t\t\t\t\t\t\t\t\t\t<img fetchpriority=\"high\" decoding=\"async\" width=\"2000\" height=\"731\" src=\"https:\/\/mfwa.org\/wp-content\/uploads\/2025\/07\/bg-16.jpg\" class=\"attachment-full size-full wp-image-47304\" alt=\"\" srcset=\"https:\/\/mfwa.org\/wp-content\/uploads\/2025\/07\/bg-16.jpg 2000w, https:\/\/mfwa.org\/wp-content\/uploads\/2025\/07\/bg-16-600x219.jpg 600w, https:\/\/mfwa.org\/wp-content\/uploads\/2025\/07\/bg-16-1024x374.jpg 1024w, https:\/\/mfwa.org\/wp-content\/uploads\/2025\/07\/bg-16-768x281.jpg 768w, https:\/\/mfwa.org\/wp-content\/uploads\/2025\/07\/bg-16-1536x561.jpg 1536w, https:\/\/mfwa.org\/wp-content\/uploads\/2025\/07\/bg-16-370x135.jpg 370w, https:\/\/mfwa.org\/wp-content\/uploads\/2025\/07\/bg-16-840x307.jpg 840w, https:\/\/mfwa.org\/wp-content\/uploads\/2025\/07\/bg-16-410x150.jpg 410w\" sizes=\"(max-width: 2000px) 100vw, 2000px\" \/>\t\t\t\t\t\t\t\t\t\t\t\t\t\t\t<\/div>\n\t\t\t\t<\/div>\n\t\t\t\t\t<\/div>\n\t\t<\/div>\n\t\t\t\t\t<\/div>\n\t\t<\/section>\n\t\t\t\t<section class=\"elementor-section-with-custom-width elementor-section elementor-top-section elementor-element elementor-element-d36dbf8 elementor-reverse-mobile elementor-section-boxed elementor-section-height-default elementor-section-height-default sc_fly_static\" data-id=\"d36dbf8\" data-element_type=\"section\" data-e-type=\"section\">\n\t\t\t\t\t\t<div class=\"elementor-container elementor-column-gap-default\">\n\t\t\t\t\t<div class=\"elementor-column elementor-col-50 elementor-top-column elementor-element elementor-element-40b0107 sc_content_align_inherit sc_layouts_column_icons_position_left sc_fly_static\" data-id=\"40b0107\" data-element_type=\"column\" data-e-type=\"column\">\n\t\t\t<div class=\"elementor-widget-wrap elementor-element-populated\">\n\t\t\t\t\t\t<div class=\"elementor-element elementor-element-4546c81 sc_fly_static elementor-widget elementor-widget-html\" data-id=\"4546c81\" data-element_type=\"widget\" data-e-type=\"widget\" data-widget_type=\"html.default\">\n\t\t\t\t<div class=\"elementor-widget-container\">\n\t\t\t\t\t<!DOCTYPE html>\n<html lang=\"en\">\n<head>\n  <meta charset=\"UTF-8\">\n  <title>MFWA\u2011style Sidebar Menu<\/title>\n  <style>\n    body {\n      margin: 0;\n      font-family: \"Segoe UI\", Tahoma, Geneva, Verdana, sans-serif;\n      display: flex;\n      background-color: #f5f5f5;\n    }\n\n    .sidebar {\n      position: fixed;\n      top: 20px;\n      left: 20px;\n      width: 100%;\n      background: #fff;\n      border: 1px solid #ddd;\n      border-radius: 4px;\n      padding: 10px 0;\n      box-shadow: 0 1px 3px rgba(0,0,0,0.1);\n    }\n\n    .sidebar ul {\n      list-style: none;\n      margin: 0;\n      padding: 0;\n      height: 300px;\n      overflow-y: auto;\n    }\n\n    .sidebar ul li {\n      margin: 0;\n    }\n\n    .sidebar ul li a {\n      display: block;\n      padding: 10px 20px;\n      color: #c12d2b;\n      text-decoration: none;\n      font-size: 18px;\n      border-left: 3px solid transparent;\n      transition: background 0.2s, border-color 0.2s;\n      font-weight: 760;\n    }\n\n    .sidebar ul li a:hover {\n      background-color: #f0f0f0;\n      border-left-color: #0078d7;\n      color: #c12d2b;\n    }\n\n    .content {\n      margin-left: 240px;\n      padding: 40px;\n      flex: 1;\n    }\n\n    .dummy-content {\n      height: auto;\n    }\n  <\/style>\n<\/head>\n<body>\n\n  <nav class=\"sidebar\">\n      <h3>Acc\u00e8s Rapide<\/h3>\n    <ul>\n      \n      <li><a href=\"https:\/\/demo.mfwa.org\/fr\/programmes\/institutional-development\/about\">A Propos de nos Programmes<\/a><\/li>\n      <li><a href=\"https:\/\/demo.mfwa.org\/fr\/programmes\/institutional-development\/our-activities\">Nos Activit\u00e9s & Projets<\/a><\/li>\n      <li><a href=\"https:\/\/demo.mfwa.org\/fr\/programmes\/institutional-development\/the-team\">L'Equipe<\/a><\/li>\n      <li><a href=\"https:\/\/demo.mfwa.org\/fr\/programmes\/institutional-development\/success-stories\">R\u00e9cits de succ\u00e8s<\/a><\/li>\n      <li><a href=\"https:\/\/demo.mfwa.org\/fr\/donate\">Donate<\/a><\/li>\n    <\/ul>\n  <\/nav>\n\n  <main class=\"content\">\n    <div class=\"dummy-content\"><\/div>\n  <\/main>\n\n<\/body>\n<\/html>\n\n\n\t\t\t\t<\/div>\n\t\t\t\t<\/div>\n\t\t\t\t\t<\/div>\n\t\t<\/div>\n\t\t\t\t<div class=\"elementor-column elementor-col-50 elementor-top-column elementor-element elementor-element-f6bc9de sc_content_align_inherit sc_layouts_column_icons_position_left sc_fly_static\" data-id=\"f6bc9de\" data-element_type=\"column\" data-e-type=\"column\">\n\t\t\t<div class=\"elementor-widget-wrap elementor-element-populated\">\n\t\t\t\t\t\t<div class=\"elementor-element elementor-element-8bd83cf sc_fly_static elementor-widget elementor-widget-trx_sc_layouts_title\" data-id=\"8bd83cf\" data-element_type=\"widget\" data-e-type=\"widget\" data-widget_type=\"trx_sc_layouts_title.default\">\n\t\t\t\t<div class=\"elementor-widget-container\">\n\t\t\t\t\t<div class=\"sc_layouts_title with_content without_image without_tint\" ><div class=\"sc_layouts_title_content\"><div class=\"sc_layouts_title_title\"><h1 class=\"sc_layouts_title_caption\">L&#8217;Equipe<\/h1><\/div><div class=\"sc_layouts_title_breadcrumbs\"><div class=\"breadcrumbs\"><a class=\"breadcrumbs_item home\" href=\"https:\/\/mfwa.org\/fr\/\">Home<\/a><span class=\"breadcrumbs_delimiter\"><\/span><span class=\"breadcrumbs_item current\">L&#8217;Equipe<\/span><\/div><\/div><\/div><\/div>\t\t\t\t<\/div>\n\t\t\t\t<\/div>\n\t\t\t\t\t<\/div>\n\t\t<\/div>\n\t\t\t\t\t<\/div>\n\t\t<\/section>\n\t\t\t\t<\/div>\n\t\t","protected":false},"excerpt":{"rendered":"<p>MFWA\u2011style Sidebar Menu Acc\u00e8s Rapide A Propos de nos Programmes Nos Activit\u00e9s &#038; Projets L&#8217;Equipe R\u00e9cits de succ\u00e8s&hellip;<\/p>\n","protected":false},"author":65,"featured_media":0,"parent":46734,"menu_order":0,"comment_status":"closed","ping_status":"closed","template":"","meta":{"footnotes":""},"staff-position":[],"class_list":["post-47685","page","type-page","status-publish","hentry"],"yoast_head":"<!-- This site is optimized with the Yoast SEO plugin v27.5 - https:\/\/yoast.com\/product\/yoast-seo-wordpress\/ -->\n<title>L&#039;Equipe - Media Foundation For West Africa<\/title>\n<meta name=\"robots\" content=\"index, follow, max-snippet:-1, max-image-preview:large, max-video-preview:-1\" \/>\n<link rel=\"canonical\" href=\"https:\/\/mfwa.org\/fr\/programmes\/institutional-development\/the-team-id\/\" \/>\n<meta property=\"og:locale\" content=\"fr_FR\" \/>\n<meta property=\"og:type\" content=\"article\" \/>\n<meta property=\"og:title\" content=\"L&#039;Equipe - Media Foundation For West Africa\" \/>\n<meta property=\"og:description\" content=\"MFWA\u2011style Sidebar Menu Acc\u00e8s Rapide A Propos de nos Programmes Nos Activit\u00e9s &#038; Projets L&#8217;Equipe R\u00e9cits de succ\u00e8s&hellip;\" \/>\n<meta property=\"og:url\" content=\"https:\/\/mfwa.org\/fr\/programmes\/institutional-development\/the-team-id\/\" \/>\n<meta property=\"og:site_name\" content=\"Media Foundation For West Africa\" \/>\n<meta property=\"article:publisher\" content=\"https:\/\/www.facebook.com\/themfwa\" \/>\n<meta property=\"article:modified_time\" content=\"2025-07-30T08:56:06+00:00\" \/>\n<meta property=\"og:image\" content=\"https:\/\/demo.mfwa.org\/wp-content\/uploads\/2025\/07\/bg-16.jpg\" \/>\n<meta name=\"twitter:card\" content=\"summary_large_image\" \/>\n<meta name=\"twitter:site\" content=\"@TheMFWA\" \/>\n<script type=\"application\/ld+json\" class=\"yoast-schema-graph\">{\"@context\":\"https:\\\/\\\/schema.org\",\"@graph\":[{\"@type\":\"WebPage\",\"@id\":\"https:\\\/\\\/mfwa.org\\\/fr\\\/programmes\\\/institutional-development\\\/the-team-id\\\/\",\"url\":\"https:\\\/\\\/mfwa.org\\\/fr\\\/programmes\\\/institutional-development\\\/the-team-id\\\/\",\"name\":\"L'Equipe - Media Foundation For West Africa\",\"isPartOf\":{\"@id\":\"https:\\\/\\\/mfwa.org\\\/fr\\\/#website\"},\"primaryImageOfPage\":{\"@id\":\"https:\\\/\\\/mfwa.org\\\/fr\\\/programmes\\\/institutional-development\\\/the-team-id\\\/#primaryimage\"},\"image\":{\"@id\":\"https:\\\/\\\/mfwa.org\\\/fr\\\/programmes\\\/institutional-development\\\/the-team-id\\\/#primaryimage\"},\"thumbnailUrl\":\"https:\\\/\\\/demo.mfwa.org\\\/wp-content\\\/uploads\\\/2025\\\/07\\\/bg-16.jpg\",\"datePublished\":\"2025-07-30T08:16:55+00:00\",\"dateModified\":\"2025-07-30T08:56:06+00:00\",\"breadcrumb\":{\"@id\":\"https:\\\/\\\/mfwa.org\\\/fr\\\/programmes\\\/institutional-development\\\/the-team-id\\\/#breadcrumb\"},\"inLanguage\":\"fr-FR\",\"potentialAction\":[{\"@type\":\"ReadAction\",\"target\":[\"https:\\\/\\\/mfwa.org\\\/fr\\\/programmes\\\/institutional-development\\\/the-team-id\\\/\"]}]},{\"@type\":\"ImageObject\",\"inLanguage\":\"fr-FR\",\"@id\":\"https:\\\/\\\/mfwa.org\\\/fr\\\/programmes\\\/institutional-development\\\/the-team-id\\\/#primaryimage\",\"url\":\"https:\\\/\\\/demo.mfwa.org\\\/wp-content\\\/uploads\\\/2025\\\/07\\\/bg-16.jpg\",\"contentUrl\":\"https:\\\/\\\/demo.mfwa.org\\\/wp-content\\\/uploads\\\/2025\\\/07\\\/bg-16.jpg\"},{\"@type\":\"BreadcrumbList\",\"@id\":\"https:\\\/\\\/mfwa.org\\\/fr\\\/programmes\\\/institutional-development\\\/the-team-id\\\/#breadcrumb\",\"itemListElement\":[{\"@type\":\"ListItem\",\"position\":1,\"name\":\"Home\",\"item\":\"https:\\\/\\\/mfwa.org\\\/fr\\\/\"},{\"@type\":\"ListItem\",\"position\":2,\"name\":\"Programmes\",\"item\":\"https:\\\/\\\/mfwa.org\\\/fr\\\/programmes\\\/\"},{\"@type\":\"ListItem\",\"position\":3,\"name\":\"Institutional Development\",\"item\":\"https:\\\/\\\/mfwa.org\\\/programmes\\\/institutional-development\\\/\"},{\"@type\":\"ListItem\",\"position\":4,\"name\":\"L&#8217;Equipe\"}]},{\"@type\":\"WebSite\",\"@id\":\"https:\\\/\\\/mfwa.org\\\/fr\\\/#website\",\"url\":\"https:\\\/\\\/mfwa.org\\\/fr\\\/\",\"name\":\"Media Foundation For West Africa\",\"description\":\"Promoting Freedom of Expression and Democracy in West Africa\",\"publisher\":{\"@id\":\"https:\\\/\\\/mfwa.org\\\/fr\\\/#organization\"},\"potentialAction\":[{\"@type\":\"SearchAction\",\"target\":{\"@type\":\"EntryPoint\",\"urlTemplate\":\"https:\\\/\\\/mfwa.org\\\/fr\\\/?s={search_term_string}\"},\"query-input\":{\"@type\":\"PropertyValueSpecification\",\"valueRequired\":true,\"valueName\":\"search_term_string\"}}],\"inLanguage\":\"fr-FR\"},{\"@type\":\"Organization\",\"@id\":\"https:\\\/\\\/mfwa.org\\\/fr\\\/#organization\",\"name\":\"Media Foundation for West Africa\",\"url\":\"https:\\\/\\\/mfwa.org\\\/fr\\\/\",\"logo\":{\"@type\":\"ImageObject\",\"inLanguage\":\"fr-FR\",\"@id\":\"https:\\\/\\\/mfwa.org\\\/fr\\\/#\\\/schema\\\/logo\\\/image\\\/\",\"url\":\"https:\\\/\\\/mfwa.org\\\/wp-content\\\/uploads\\\/2024\\\/01\\\/mfwa-logo-01.png\",\"contentUrl\":\"https:\\\/\\\/mfwa.org\\\/wp-content\\\/uploads\\\/2024\\\/01\\\/mfwa-logo-01.png\",\"width\":1683,\"height\":1113,\"caption\":\"Media Foundation for West Africa\"},\"image\":{\"@id\":\"https:\\\/\\\/mfwa.org\\\/fr\\\/#\\\/schema\\\/logo\\\/image\\\/\"},\"sameAs\":[\"https:\\\/\\\/www.facebook.com\\\/themfwa\",\"https:\\\/\\\/x.com\\\/TheMFWA\",\"https:\\\/\\\/www.youtube.com\\\/channel\\\/UCF6HrPuXcV1K1Ed8AAq4Rdw\"]}]}<\/script>\n<!-- \/ Yoast SEO plugin. -->","yoast_head_json":{"title":"L'Equipe - Media Foundation For West Africa","robots":{"index":"index","follow":"follow","max-snippet":"max-snippet:-1","max-image-preview":"max-image-preview:large","max-video-preview":"max-video-preview:-1"},"canonical":"https:\/\/mfwa.org\/fr\/programmes\/institutional-development\/the-team-id\/","og_locale":"fr_FR","og_type":"article","og_title":"L'Equipe - Media Foundation For West Africa","og_description":"MFWA\u2011style Sidebar Menu Acc\u00e8s Rapide A Propos de nos Programmes Nos Activit\u00e9s &#038; Projets L&#8217;Equipe R\u00e9cits de succ\u00e8s&hellip;","og_url":"https:\/\/mfwa.org\/fr\/programmes\/institutional-development\/the-team-id\/","og_site_name":"Media Foundation For West Africa","article_publisher":"https:\/\/www.facebook.com\/themfwa","article_modified_time":"2025-07-30T08:56:06+00:00","og_image":[{"url":"https:\/\/demo.mfwa.org\/wp-content\/uploads\/2025\/07\/bg-16.jpg","type":"","width":"","height":""}],"twitter_card":"summary_large_image","twitter_site":"@TheMFWA","schema":{"@context":"https:\/\/schema.org","@graph":[{"@type":"WebPage","@id":"https:\/\/mfwa.org\/fr\/programmes\/institutional-development\/the-team-id\/","url":"https:\/\/mfwa.org\/fr\/programmes\/institutional-development\/the-team-id\/","name":"L'Equipe - Media Foundation For West Africa","isPartOf":{"@id":"https:\/\/mfwa.org\/fr\/#website"},"primaryImageOfPage":{"@id":"https:\/\/mfwa.org\/fr\/programmes\/institutional-development\/the-team-id\/#primaryimage"},"image":{"@id":"https:\/\/mfwa.org\/fr\/programmes\/institutional-development\/the-team-id\/#primaryimage"},"thumbnailUrl":"https:\/\/demo.mfwa.org\/wp-content\/uploads\/2025\/07\/bg-16.jpg","datePublished":"2025-07-30T08:16:55+00:00","dateModified":"2025-07-30T08:56:06+00:00","breadcrumb":{"@id":"https:\/\/mfwa.org\/fr\/programmes\/institutional-development\/the-team-id\/#breadcrumb"},"inLanguage":"fr-FR","potentialAction":[{"@type":"ReadAction","target":["https:\/\/mfwa.org\/fr\/programmes\/institutional-development\/the-team-id\/"]}]},{"@type":"ImageObject","inLanguage":"fr-FR","@id":"https:\/\/mfwa.org\/fr\/programmes\/institutional-development\/the-team-id\/#primaryimage","url":"https:\/\/demo.mfwa.org\/wp-content\/uploads\/2025\/07\/bg-16.jpg","contentUrl":"https:\/\/demo.mfwa.org\/wp-content\/uploads\/2025\/07\/bg-16.jpg"},{"@type":"BreadcrumbList","@id":"https:\/\/mfwa.org\/fr\/programmes\/institutional-development\/the-team-id\/#breadcrumb","itemListElement":[{"@type":"ListItem","position":1,"name":"Home","item":"https:\/\/mfwa.org\/fr\/"},{"@type":"ListItem","position":2,"name":"Programmes","item":"https:\/\/mfwa.org\/fr\/programmes\/"},{"@type":"ListItem","position":3,"name":"Institutional Development","item":"https:\/\/mfwa.org\/programmes\/institutional-development\/"},{"@type":"ListItem","position":4,"name":"L&#8217;Equipe"}]},{"@type":"WebSite","@id":"https:\/\/mfwa.org\/fr\/#website","url":"https:\/\/mfwa.org\/fr\/","name":"Media Foundation For West Africa","description":"Promoting Freedom of Expression and Democracy in West Africa","publisher":{"@id":"https:\/\/mfwa.org\/fr\/#organization"},"potentialAction":[{"@type":"SearchAction","target":{"@type":"EntryPoint","urlTemplate":"https:\/\/mfwa.org\/fr\/?s={search_term_string}"},"query-input":{"@type":"PropertyValueSpecification","valueRequired":true,"valueName":"search_term_string"}}],"inLanguage":"fr-FR"},{"@type":"Organization","@id":"https:\/\/mfwa.org\/fr\/#organization","name":"Media Foundation for West Africa","url":"https:\/\/mfwa.org\/fr\/","logo":{"@type":"ImageObject","inLanguage":"fr-FR","@id":"https:\/\/mfwa.org\/fr\/#\/schema\/logo\/image\/","url":"https:\/\/mfwa.org\/wp-content\/uploads\/2024\/01\/mfwa-logo-01.png","contentUrl":"https:\/\/mfwa.org\/wp-content\/uploads\/2024\/01\/mfwa-logo-01.png","width":1683,"height":1113,"caption":"Media Foundation for West Africa"},"image":{"@id":"https:\/\/mfwa.org\/fr\/#\/schema\/logo\/image\/"},"sameAs":["https:\/\/www.facebook.com\/themfwa","https:\/\/x.com\/TheMFWA","https:\/\/www.youtube.com\/channel\/UCF6HrPuXcV1K1Ed8AAq4Rdw"]}]}},"_links":{"self":[{"href":"https:\/\/mfwa.org\/fr\/wp-json\/wp\/v2\/pages\/47685","targetHints":{"allow":["GET"]}}],"collection":[{"href":"https:\/\/mfwa.org\/fr\/wp-json\/wp\/v2\/pages"}],"about":[{"href":"https:\/\/mfwa.org\/fr\/wp-json\/wp\/v2\/types\/page"}],"author":[{"embeddable":true,"href":"https:\/\/mfwa.org\/fr\/wp-json\/wp\/v2\/users\/65"}],"replies":[{"embeddable":true,"href":"https:\/\/mfwa.org\/fr\/wp-json\/wp\/v2\/comments?post=47685"}],"version-history":[{"count":5,"href":"https:\/\/mfwa.org\/fr\/wp-json\/wp\/v2\/pages\/47685\/revisions"}],"predecessor-version":[{"id":47731,"href":"https:\/\/mfwa.org\/fr\/wp-json\/wp\/v2\/pages\/47685\/revisions\/47731"}],"up":[{"embeddable":true,"href":"https:\/\/mfwa.org\/fr\/wp-json\/wp\/v2\/pages\/46734"}],"wp:attachment":[{"href":"https:\/\/mfwa.org\/fr\/wp-json\/wp\/v2\/media?parent=47685"}],"wp:term":[{"taxonomy":"staff-position","embeddable":true,"href":"https:\/\/mfwa.org\/fr\/wp-json\/wp\/v2\/staff-position?post=47685"}],"curies":[{"name":"wp","href":"https:\/\/api.w.org\/{rel}","templated":true}]}}