{"id":47611,"date":"2025-07-30T07:01:25","date_gmt":"2025-07-30T07:01:25","guid":{"rendered":"https:\/\/demo.mfwa.org\/?page_id=47611"},"modified":"2025-08-03T07:19:06","modified_gmt":"2025-08-03T07:19:06","slug":"media-good-governance","status":"publish","type":"page","link":"https:\/\/mfwa.org\/fr\/programmes\/media-good-governance\/","title":{"rendered":"M\u00e9dias et Bonne Gouvernance"},"content":{"rendered":"\t\t<div data-elementor-type=\"wp-page\" data-elementor-id=\"47611\" class=\"elementor elementor-47611\" data-elementor-post-type=\"page\">\n\t\t\t\t\t\t<section class=\"elementor-section elementor-top-section elementor-element elementor-element-2fb1b71 elementor-section-full_width elementor-section-stretched elementor-section-height-default elementor-section-height-default sc_fly_static\" data-id=\"2fb1b71\" data-element_type=\"section\" data-e-type=\"section\" data-settings=\"{&quot;stretch_section&quot;:&quot;section-stretched&quot;}\">\n\t\t\t\t\t\t<div class=\"elementor-container elementor-column-gap-no\">\n\t\t\t\t\t<div class=\"elementor-column elementor-col-100 elementor-top-column elementor-element elementor-element-aeff7cd sc_content_align_inherit sc_layouts_column_icons_position_left sc_fly_static\" data-id=\"aeff7cd\" data-element_type=\"column\" data-e-type=\"column\">\n\t\t\t<div class=\"elementor-widget-wrap elementor-element-populated\">\n\t\t\t\t\t\t<div class=\"elementor-element elementor-element-5da64ef sc_fly_static elementor-widget elementor-widget-image\" data-id=\"5da64ef\" data-element_type=\"widget\" data-e-type=\"widget\" data-widget_type=\"image.default\">\n\t\t\t\t<div class=\"elementor-widget-container\">\n\t\t\t\t\t\t\t\t\t\t\t\t\t\t\t<img fetchpriority=\"high\" decoding=\"async\" width=\"2560\" height=\"857\" src=\"https:\/\/mfwa.org\/wp-content\/uploads\/2025\/07\/media-good.jpg\" class=\"attachment-full size-full wp-image-46729\" alt=\"\" srcset=\"https:\/\/mfwa.org\/wp-content\/uploads\/2025\/07\/media-good.jpg 2560w, https:\/\/mfwa.org\/wp-content\/uploads\/2025\/07\/media-good-600x201.jpg 600w, https:\/\/mfwa.org\/wp-content\/uploads\/2025\/07\/media-good-1024x343.jpg 1024w, https:\/\/mfwa.org\/wp-content\/uploads\/2025\/07\/media-good-768x257.jpg 768w, https:\/\/mfwa.org\/wp-content\/uploads\/2025\/07\/media-good-1536x514.jpg 1536w, https:\/\/mfwa.org\/wp-content\/uploads\/2025\/07\/media-good-2048x686.jpg 2048w, https:\/\/mfwa.org\/wp-content\/uploads\/2025\/07\/media-good-370x124.jpg 370w, https:\/\/mfwa.org\/wp-content\/uploads\/2025\/07\/media-good-840x281.jpg 840w, https:\/\/mfwa.org\/wp-content\/uploads\/2025\/07\/media-good-410x137.jpg 410w\" sizes=\"(max-width: 2560px) 100vw, 2560px\" \/>\t\t\t\t\t\t\t\t\t\t\t\t\t\t\t<\/div>\n\t\t\t\t<\/div>\n\t\t\t\t\t<\/div>\n\t\t<\/div>\n\t\t\t\t\t<\/div>\n\t\t<\/section>\n\t\t\t\t<section class=\"elementor-section-with-custom-width elementor-section elementor-top-section elementor-element elementor-element-d36dbf8 elementor-reverse-mobile elementor-section-boxed elementor-section-height-default elementor-section-height-default sc_fly_static\" data-id=\"d36dbf8\" data-element_type=\"section\" data-e-type=\"section\">\n\t\t\t\t\t\t<div class=\"elementor-container elementor-column-gap-default\">\n\t\t\t\t\t<div class=\"elementor-column elementor-col-50 elementor-top-column elementor-element elementor-element-40b0107 sc_content_align_inherit sc_layouts_column_icons_position_left sc_fly_static\" data-id=\"40b0107\" data-element_type=\"column\" data-e-type=\"column\">\n\t\t\t<div class=\"elementor-widget-wrap elementor-element-populated\">\n\t\t\t\t\t\t<div class=\"elementor-element elementor-element-4546c81 sc_fly_static elementor-widget elementor-widget-html\" data-id=\"4546c81\" data-element_type=\"widget\" data-e-type=\"widget\" data-widget_type=\"html.default\">\n\t\t\t\t<div class=\"elementor-widget-container\">\n\t\t\t\t\t<!DOCTYPE html>\n<html lang=\"en\">\n<head>\n  <meta charset=\"UTF-8\">\n  <title>MFWA\u2011style Sidebar Menu<\/title>\n  <style>\n    body {\n      margin: 0;\n      font-family: \"Segoe UI\", Tahoma, Geneva, Verdana, sans-serif;\n      display: flex;\n      background-color: #f5f5f5;\n    }\n\n    .sidebar {\n      position: fixed;\n      top: 20px;\n      left: 20px;\n      width: 100%;\n      background: #fff;\n      border: 1px solid #ddd;\n      border-radius: 4px;\n      padding: 10px 0;\n      box-shadow: 0 1px 3px rgba(0,0,0,0.1);\n    }\n\n    .sidebar ul {\n      list-style: none;\n      margin: 0;\n      padding: 0;\n      height: 300px;\n      overflow-y: auto;\n    }\n\n    .sidebar ul li {\n      margin: 0;\n    }\n\n    .sidebar ul li a {\n      display: block;\n      padding: 10px 20px;\n      color: #c12d2b;\n      text-decoration: none;\n      font-size: 18px;\n      border-left: 3px solid transparent;\n      transition: background 0.2s, border-color 0.2s;\n      font-weight: 760;\n    }\n\n    .sidebar ul li a:hover {\n      background-color: #f0f0f0;\n      border-left-color: #0078d7;\n      color: #c12d2b;\n    }\n\n    .content {\n      margin-left: 240px;\n      padding: 40px;\n      flex: 1;\n    }\n\n    .dummy-content {\n      height: auto;\n    }\n  <\/style>\n<\/head>\n<body>\n\n  <nav class=\"sidebar\">\n      <h3 style=\"padding-left: 20px;\">Acc\u00e8s Rapide<\/h3>\n    <ul>\n      <li><a href=\"https:\/\/mfwa.org\/fr\/programmes\/media-good-governance-and-development\/our-activities\">Nos Activit\u00e9s & Projets<\/a><\/li>\n      <li><a href=\"https:\/\/mfwa.org\/fr\/programmes\/media-good-governance-and-development\/next-generation-investigative-journalism-fellowship\/\">Le stage de formation de la nouvelle generation de journalistes d'investigation<\/a><\/li>\n      <li><a href=\"https:\/\/mfwa.org\/fr\/programmes\/media-good-governance-and-development\/the-team\">L'Equipe<\/a><\/li>\n      <li><a href=\"https:\/\/mfwa.org\/fr\/programmes\/media-good-governance-and-development\/success-stories\">R\u00e9cits de succ\u00e8s<\/a><\/li>\n      <li><a href=\"https:\/\/mfwa.org\/fr\/donate\">Faire un don<\/a><\/li>\n    <\/ul>\n  <\/nav>\n\n  <main class=\"content\">\n    <div class=\"dummy-content\"><\/div>\n  <\/main>\n\n<\/body>\n<\/html>\n\n\n\t\t\t\t<\/div>\n\t\t\t\t<\/div>\n\t\t\t\t\t<\/div>\n\t\t<\/div>\n\t\t\t\t<div class=\"elementor-column elementor-col-50 elementor-top-column elementor-element elementor-element-f6bc9de sc_content_align_inherit sc_layouts_column_icons_position_left sc_fly_static\" data-id=\"f6bc9de\" data-element_type=\"column\" data-e-type=\"column\">\n\t\t\t<div class=\"elementor-widget-wrap elementor-element-populated\">\n\t\t\t\t\t\t<div class=\"elementor-element elementor-element-8bd83cf sc_fly_static elementor-widget elementor-widget-trx_sc_layouts_title\" data-id=\"8bd83cf\" data-element_type=\"widget\" data-e-type=\"widget\" data-widget_type=\"trx_sc_layouts_title.default\">\n\t\t\t\t<div class=\"elementor-widget-container\">\n\t\t\t\t\t<div class=\"sc_layouts_title with_content without_image without_tint\" ><div class=\"sc_layouts_title_content\"><div class=\"sc_layouts_title_title\"><h1 class=\"sc_layouts_title_caption\">M\u00e9dias et Bonne Gouvernance<\/h1><\/div><div class=\"sc_layouts_title_breadcrumbs\"><div class=\"breadcrumbs\"><a class=\"breadcrumbs_item home\" href=\"https:\/\/mfwa.org\/fr\/\">Home<\/a><span class=\"breadcrumbs_delimiter\"><\/span><span class=\"breadcrumbs_item current\">M\u00e9dias et Bonne Gouvernance<\/span><\/div><\/div><\/div><\/div>\t\t\t\t<\/div>\n\t\t\t\t<\/div>\n\t\t\t\t<div class=\"elementor-element elementor-element-593c9aa sc_fly_static elementor-widget elementor-widget-text-editor\" data-id=\"593c9aa\" data-element_type=\"widget\" data-e-type=\"widget\" data-widget_type=\"text-editor.default\">\n\t\t\t\t<div class=\"elementor-widget-container\">\n\t\t\t\t\t\t\t\t\t<div class=\"td-fix-index\"><div class=\"td-fix-index\"><div class=\"td-fix-index\"><p>Au cours des trois derni\u00e8res d\u00e9cennies, la politique en Afrique de l\u2019Ouest a connu d\u2019importants changements. Plusieurs pays de la r\u00e9gion sont pass\u00e9s de r\u00e9gimes militaires autocratiques \u00e0 des gouvernements civils \u00e9lus au d\u00e9but des ann\u00e9es 1990. H\u00e9las, il semble que les acquis de la lib\u00e9ralisation politique progressive et de la d\u00e9mocratie \u00e9lectorale se dissipent, dans la mesure o\u00f9 la r\u00e9gion a connu quatre coups d\u2019\u00c9tat r\u00e9ussis et deux coups d\u2019\u00c9tat manqu\u00e9s rien qu\u2019entre 2019 et f\u00e9vrier 2022. Ces inconv\u00e9nients dans la consolidation d\u00e9mocratique de la r\u00e9gion ont \u00e9t\u00e9 largement attribu\u00e9s aux d\u00e9fis de la bonne gouvernance et du d\u00e9veloppement, notamment la pauvret\u00e9, la non-r\u00e9alisation des promesses de campagne, la mauvaise prestation des services publics, la distribution in\u00e9quitable des ressources publiques, le niveau \u00e9lev\u00e9 de corruption, l\u2019ins\u00e9curit\u00e9 et la mauvaise gestion des ressources naturelles et des probl\u00e8mes environnementaux qui y sont associ\u00e9s.<\/p><p>Des m\u00e9dias dynamiques, professionnels et critiques peuvent contribuer \u00e0 la reconstruction et \u00e0 la consolidation des d\u00e9mocraties naissantes dans la r\u00e9gion en encourageant la participation civique aux processus de gouvernance, en demandant des comptes aux dirigeants et en contrant les r\u00e9cits extr\u00e9mistes. L\u2019objectif strat\u00e9gique du programme \u00ab\u00a0M\u00e9dias et bonne gouvernance\u00a0\u00bb pour les trois prochaines ann\u00e9es (2022-2024) est donc de renforcer les capacit\u00e9s des m\u00e9dias pour leur permettre de contribuer efficacement \u00e0 une gouvernance participative, r\u00e9active, transparente et responsable.<\/p><p>Les interventions strat\u00e9giques de ce programme se concentreront sur :<\/p><p>L\u2019acc\u00e8s \u00e0 l\u2019information et la participation civique \u00e0 la gouvernance<\/p><p>La durabilit\u00e9 et le professionnalisme des m\u00e9dias<\/p><p>Le journalisme d\u2019investigation<\/p><p><a href=\"https:\/\/www.mfwa.org\/fr\/programmes\/media-good-governance-and-development\/stage-de-formation-de-la-prochaine-generation-de-journalistes-dinvestigation\/\">Le stage de formation de la nouvelle g\u00e9n\u00e9ration de journalistes d\u2019investigation<\/a><\/p><p>La d\u00e9sinformation et les informations erron\u00e9es<\/p><p>La participation des citoyens et des autorit\u00e9s<\/p><p>Le programme comprend \u00e9galement des initiatives journalistiques internes visant \u00e0 am\u00e9liorer les conditions de vie, \u00e0 promouvoir la bonne gouvernance et \u00e0 lutter contre la d\u00e9sinformation. Ces initiatives sont les suivantes<\/p><p><a href=\"https:\/\/thefourthestategh.com\/2022\/05\/13\/endangered-dreams-the-hopeful-children-battling-deprivation\/\">The Fourth Estate<\/a> (un projet de journalisme d\u2019investigation \u00e0 but non lucratif)<\/p><p><a href=\"https:\/\/www.fact-checkghana.com\/\">Fact-check Ghana<\/a> (un projet de v\u00e9rification des faits).<\/p><p>Vous pouvez en savoir plus sur <a href=\"https:\/\/www.mfwa.org\/fr\/programmes\/media-good-governance-and-development\/stage-de-formation-de-la-prochaine-generation-de-journalistes-dinvestigation\/\">ce que nous faisons<\/a> ou sur notre <a href=\"https:\/\/www.mfwa.org\/wp-content\/uploads\/2022\/06\/MFWA-2022-2024-Strategic-Plan.pdf\">strat\u00e9gie g\u00e9n\u00e9rale<\/a>.<\/p><\/div><\/div><\/div>\t\t\t\t\t\t\t\t<\/div>\n\t\t\t\t<\/div>\n\t\t\t\t\t<\/div>\n\t\t<\/div>\n\t\t\t\t\t<\/div>\n\t\t<\/section>\n\t\t\t\t<\/div>\n\t\t","protected":false},"excerpt":{"rendered":"<p>MFWA\u2011style Sidebar Menu Acc\u00e8s Rapide Nos Activit\u00e9s &#038; Projets Le stage de formation de la nouvelle generation de<\/p>\n","protected":false},"author":65,"featured_media":0,"parent":46643,"menu_order":0,"comment_status":"closed","ping_status":"closed","template":"","meta":{"footnotes":""},"staff-position":[],"class_list":["post-47611","page","type-page","status-publish","hentry"],"_links":{"self":[{"href":"https:\/\/mfwa.org\/fr\/wp-json\/wp\/v2\/pages\/47611","targetHints":{"allow":["GET"]}}],"collection":[{"href":"https:\/\/mfwa.org\/fr\/wp-json\/wp\/v2\/pages"}],"about":[{"href":"https:\/\/mfwa.org\/fr\/wp-json\/wp\/v2\/types\/page"}],"author":[{"embeddable":true,"href":"https:\/\/mfwa.org\/fr\/wp-json\/wp\/v2\/users\/65"}],"replies":[{"embeddable":true,"href":"https:\/\/mfwa.org\/fr\/wp-json\/wp\/v2\/comments?post=47611"}],"version-history":[{"count":8,"href":"https:\/\/mfwa.org\/fr\/wp-json\/wp\/v2\/pages\/47611\/revisions"}],"predecessor-version":[{"id":48230,"href":"https:\/\/mfwa.org\/fr\/wp-json\/wp\/v2\/pages\/47611\/revisions\/48230"}],"up":[{"embeddable":true,"href":"https:\/\/mfwa.org\/fr\/wp-json\/wp\/v2\/pages\/46643"}],"wp:attachment":[{"href":"https:\/\/mfwa.org\/fr\/wp-json\/wp\/v2\/media?parent=47611"}],"wp:term":[{"taxonomy":"staff-position","embeddable":true,"href":"https:\/\/mfwa.org\/fr\/wp-json\/wp\/v2\/staff-position?post=47611"}],"curies":[{"name":"wp","href":"https:\/\/api.w.org\/{rel}","templated":true}]}}