{"id":47526,"date":"2025-07-29T14:54:44","date_gmt":"2025-07-29T14:54:44","guid":{"rendered":"https:\/\/demo.mfwa.org\/?page_id=47526"},"modified":"2026-04-09T13:20:56","modified_gmt":"2026-04-09T13:20:56","slug":"freedom-of-expression","status":"publish","type":"page","link":"https:\/\/mfwa.org\/fr\/freedom-of-expression\/","title":{"rendered":"Plaidoyer Pour la Libert\u00e9 d\u2019Expression"},"content":{"rendered":"\t\t<div data-elementor-type=\"wp-page\" data-elementor-id=\"47526\" class=\"elementor elementor-47526\" data-elementor-post-type=\"page\">\n\t\t\t\t\t\t<section class=\"elementor-section elementor-top-section elementor-element elementor-element-2fb1b71 elementor-section-full_width elementor-section-stretched elementor-section-height-default elementor-section-height-default sc_fly_static\" data-id=\"2fb1b71\" data-element_type=\"section\" data-e-type=\"section\" data-settings=\"{&quot;stretch_section&quot;:&quot;section-stretched&quot;}\">\n\t\t\t\t\t\t<div class=\"elementor-container elementor-column-gap-no\">\n\t\t\t\t\t<div class=\"elementor-column elementor-col-100 elementor-top-column elementor-element elementor-element-aeff7cd sc_content_align_inherit sc_layouts_column_icons_position_left sc_fly_static\" data-id=\"aeff7cd\" data-element_type=\"column\" data-e-type=\"column\">\n\t\t\t<div class=\"elementor-widget-wrap elementor-element-populated\">\n\t\t\t\t\t\t<div class=\"elementor-element elementor-element-5da64ef sc_fly_static elementor-widget elementor-widget-image\" data-id=\"5da64ef\" data-element_type=\"widget\" data-e-type=\"widget\" data-widget_type=\"image.default\">\n\t\t\t\t<div class=\"elementor-widget-container\">\n\t\t\t\t\t\t\t\t\t\t\t\t\t\t\t<img fetchpriority=\"high\" decoding=\"async\" width=\"2000\" height=\"794\" src=\"https:\/\/mfwa.org\/wp-content\/uploads\/2025\/07\/fex.jpg\" class=\"attachment-full size-full wp-image-46716\" alt=\"\" srcset=\"https:\/\/mfwa.org\/wp-content\/uploads\/2025\/07\/fex.jpg 2000w, https:\/\/mfwa.org\/wp-content\/uploads\/2025\/07\/fex-600x238.jpg 600w, https:\/\/mfwa.org\/wp-content\/uploads\/2025\/07\/fex-1024x407.jpg 1024w, https:\/\/mfwa.org\/wp-content\/uploads\/2025\/07\/fex-768x305.jpg 768w, https:\/\/mfwa.org\/wp-content\/uploads\/2025\/07\/fex-1536x610.jpg 1536w, https:\/\/mfwa.org\/wp-content\/uploads\/2025\/07\/fex-370x147.jpg 370w, https:\/\/mfwa.org\/wp-content\/uploads\/2025\/07\/fex-840x333.jpg 840w, https:\/\/mfwa.org\/wp-content\/uploads\/2025\/07\/fex-410x163.jpg 410w\" sizes=\"(max-width: 2000px) 100vw, 2000px\" \/>\t\t\t\t\t\t\t\t\t\t\t\t\t\t\t<\/div>\n\t\t\t\t<\/div>\n\t\t\t\t\t<\/div>\n\t\t<\/div>\n\t\t\t\t\t<\/div>\n\t\t<\/section>\n\t\t\t\t<section class=\"elementor-section-with-custom-width elementor-section elementor-top-section elementor-element elementor-element-d36dbf8 elementor-reverse-mobile elementor-section-boxed elementor-section-height-default elementor-section-height-default sc_fly_static\" data-id=\"d36dbf8\" data-element_type=\"section\" data-e-type=\"section\">\n\t\t\t\t\t\t<div class=\"elementor-container elementor-column-gap-default\">\n\t\t\t\t\t<div class=\"elementor-column elementor-col-50 elementor-top-column elementor-element elementor-element-40b0107 sc_content_align_inherit sc_layouts_column_icons_position_left sc_fly_static\" data-id=\"40b0107\" data-element_type=\"column\" data-e-type=\"column\">\n\t\t\t<div class=\"elementor-widget-wrap elementor-element-populated\">\n\t\t\t\t\t\t<div class=\"elementor-element elementor-element-4546c81 sc_fly_static elementor-widget elementor-widget-html\" data-id=\"4546c81\" data-element_type=\"widget\" data-e-type=\"widget\" data-widget_type=\"html.default\">\n\t\t\t\t<div class=\"elementor-widget-container\">\n\t\t\t\t\t<!DOCTYPE html>\n<html lang=\"en\">\n<head>\n  <meta charset=\"UTF-8\">\n  <title>MFWA\u2011style Sidebar Menu<\/title>\n  <style>\n    body {\n      margin: 0;\n      font-family: \"Segoe UI\", Tahoma, Geneva, Verdana, sans-serif;\n      display: flex;\n      background-color: #f5f5f5;\n    }\n\n    .sidebar {\n      position: fixed;\n      top: 20px;\n      left: 20px;\n      width: 100%;\n      background: #fff;\n      border: 1px solid #ddd;\n      border-radius: 4px;\n      padding: 10px 0;\n      box-shadow: 0 1px 3px rgba(0,0,0,0.1);\n    }\n\n    .sidebar ul {\n      list-style: none;\n      margin: 0;\n      padding: 0;\n      height: 300px;\n      overflow-y: auto;\n    }\n\n    .sidebar ul li {\n      margin: 0;\n    }\n\n    .sidebar ul li a {\n      display: block;\n      padding: 10px 20px;\n      color: #c12d2b;\n      text-decoration: none;\n      font-size: 18px;\n      border-left: 3px solid transparent;\n      transition: background 0.2s, border-color 0.2s;\n      font-weight: 760;\n    }\n\n    .sidebar ul li a:hover {\n      background-color: #f0f0f0;\n      border-left-color: #0078d7;\n      color: #c12d2b;\n    }\n\n    .content {\n      margin-left: 240px;\n      padding: 40px;\n      flex: 1;\n    }\n\n    .dummy-content {\n      height: auto;\n    }\n  <\/style>\n<\/head>\n<body>\n\n  <nav class=\"sidebar\">\n      <h3 style=\"padding-left: 20px;\">Acc\u00e8s Rapide<\/h3>\n    <ul>\n      <li><a href=\"https:\/\/mfwa.org\/fr\/programmes\/freedom-of-expression-advocacy\/our-activities\">Nos Activit\u00e9s & Projets<\/a><\/li>\n      <li><a href=\"https:\/\/mfwa.org\/fr\/programmes\/freedom-of-expression-advocacy\/the-team\">L'Equipe<\/a><\/li>\n      <li><a href=\"https:\/\/mfwa.org\/fr\/programmes\/freedom-of-expression-advocacy\/success-stories\">R\u00e9cits de succ\u00e8s<\/a><\/li>\n      <li><a href=\"https:\/\/mfwa.org\/fr\/donate\">Faire un don<\/a><\/li>\n    <\/ul>\n  <\/nav>\n\n  <main class=\"content\">\n    <div class=\"dummy-content\"><\/div>\n  <\/main>\n\n<\/body>\n<\/html>\n\n\n\t\t\t\t<\/div>\n\t\t\t\t<\/div>\n\t\t\t\t\t<\/div>\n\t\t<\/div>\n\t\t\t\t<div class=\"elementor-column elementor-col-50 elementor-top-column elementor-element elementor-element-f6bc9de sc_content_align_inherit sc_layouts_column_icons_position_left sc_fly_static\" data-id=\"f6bc9de\" data-element_type=\"column\" data-e-type=\"column\">\n\t\t\t<div class=\"elementor-widget-wrap elementor-element-populated\">\n\t\t\t\t\t\t<div class=\"elementor-element elementor-element-8bd83cf sc_fly_static elementor-widget elementor-widget-trx_sc_layouts_title\" data-id=\"8bd83cf\" data-element_type=\"widget\" data-e-type=\"widget\" data-widget_type=\"trx_sc_layouts_title.default\">\n\t\t\t\t<div class=\"elementor-widget-container\">\n\t\t\t\t\t<div class=\"sc_layouts_title with_content without_image without_tint\" ><div class=\"sc_layouts_title_content\"><div class=\"sc_layouts_title_title\"><h1 class=\"sc_layouts_title_caption\">Plaidoyer Pour la Libert\u00e9 d\u2019Expression<\/h1><\/div><div class=\"sc_layouts_title_breadcrumbs\"><div class=\"breadcrumbs\"><a class=\"breadcrumbs_item home\" href=\"https:\/\/mfwa.org\/fr\/\">Home<\/a><span class=\"breadcrumbs_delimiter\"><\/span><span class=\"breadcrumbs_item current\">Plaidoyer Pour la Libert\u00e9 d\u2019Expression<\/span><\/div><\/div><\/div><\/div>\t\t\t\t<\/div>\n\t\t\t\t<\/div>\n\t\t\t\t<div class=\"elementor-element elementor-element-593c9aa sc_fly_static elementor-widget elementor-widget-text-editor\" data-id=\"593c9aa\" data-element_type=\"widget\" data-e-type=\"widget\" data-widget_type=\"text-editor.default\">\n\t\t\t\t<div class=\"elementor-widget-container\">\n\t\t\t\t\t\t\t\t\t<div class=\"td-fix-index\"><div class=\"td-fix-index\">La MFWA demeure la premi\u00e8re organisation Ouest Africaine de la libert\u00e9 d\u2019expression avec plus de 19 ann\u00e9es d\u2019exp\u00e9rience travaillant \u00e0 travers la r\u00e9gion. En 2015, nous avons entrepris une vaste analyse \u00a0contextuelle\u00a0 avec les m\u00e9dias cl\u00e9s et les d\u00e9fis de libert\u00e9 d\u2019expression et des opportunit\u00e9s \u00e0 travers l\u2019Afrique de l\u2019Ouest pour informer la r\u00e9daction de notre nouveau Plan Strat\u00e9gique 2015-2020.<p>\u00a0<\/p><p>Sur la base de l\u2019analyse approfondie du contexte et des probl\u00e8mes principaux et d\u00e9fis identifi\u00e9s, la MFWA travaille pour que les cinq ann\u00e9es \u00e0 venir soient consacr\u00e9es \u00e0 deux domaines larges de th\u00e9matiques d\u00e9nomm\u00e9s: <strong>Libert\u00e9 d\u2019expression\u00a0; et M\u00e9dias, Bonne Gouvernance et D\u00e9mocratie.<\/strong> Les programmes seront men\u00e9s \u00e0 travers l\u2019approche Plaidoyer \u00a0Orient\u00e9 sur l\u2019Impact\u00a0; Partenariats Strat\u00e9giques et Collaborations, Recherche et Documentation, et Syst\u00e8mes Institutionnels Renforc\u00e9s.<\/p><p><strong>Plaidoyer pour la Libert\u00e9 d\u2019Expression<\/strong><\/p><p>La libert\u00e9 d\u2019expression (FoE) est un droit humain fondamental. Cependant, les violations des FoE continuent \u00e0 \u00eatre un d\u00e9fi\u00a0 majeur \u00e0 la participation et \u00e0 la gouvernance responsable en Afrique de l\u2019Ouest. Dans de nombreux pays de la r\u00e9gion, les m\u00e9dias critiques et les voix dissidents ne sont pas tol\u00e9r\u00e9s et sont souvent r\u00e9prim\u00e9s. Dans le but d\u2019am\u00e9liorer la situation, la MFWA et ses partenaires nationaux \u00e0 travers l\u2019Afrique de l\u2019Ouest travailleront\u00a0 \u00e0 assurer les domaines suivants\u00a0:<\/p><ul><li><strong><em>Am\u00e9lioration notable en respectant et en prot\u00e9geant le droit \u00e0 la libert\u00e9 d\u2019expression par les Etats et les acteurs non-\u00e9tatique en Afrique de l\u2019Ouest<\/em><\/strong><\/li><li><strong><em>Le droit du public \u00e0 acc\u00e9der \u00e0 l\u2019information est garanti par des lois r\u00e9gionales et nationales et respect\u00e9 en pratique.<\/em><\/strong><\/li><\/ul><p>Nos efforts \u00e0 l\u2019atteinte des ces objectifs ci-dessus sous le programme de la libert\u00e9 d\u2019Expression vont \u00eatre focalis\u00e9s sur les domaines de travail suivant\u00a0:<\/p><ul><li><strong><em>Lois et plaidoyer de r\u00e9forme de politique par rapport la migration num\u00e9rique; libert\u00e9 d\u2019internet; et d\u00e9criminalisation des lois de diffamation.<\/em><\/strong><\/li><li><strong><em>Le suivi des droits FoE (Freedom of Expression), Campagnes et Protection<\/em><\/strong><\/li><li><strong><em>Acc\u00e8s au plaidoyer d\u2019information<\/em><\/strong><\/li><li><strong><em>S\u00fbret\u00e9 de plaidoyer des journalistes<\/em><\/strong><\/li><li><strong><em>Acc\u00e8s \u00e0 la justice et aux campagnes anti-impunit\u00e9<\/em><\/strong><\/li><\/ul><p>Pour discuter de partenariat potentiel ou de collaboration sous ce programme, veuillez \u00e9crire \u00e0 <a href=\"mailto:info@mfwa.org\">info@mfwa.org<\/a><\/p><p>Vous pouvez en lire davantage \u00e0 propos du programme <strong><a href=\"https:\/\/www.mfwa.org\/fr\/programmes\/media-good-governance-and-development\/\">M\u00e9dias, Bonne Gouvernance et D\u00e9mocratie<\/a><\/strong>\u00a0ou <strong><a href=\"https:\/\/www.mfwa.org\/fr\/about-us\/\">encore davantage \u00e0 propos de nous ici<\/a>.<\/strong><\/p><\/div><\/div>\t\t\t\t\t\t\t\t<\/div>\n\t\t\t\t<\/div>\n\t\t\t\t\t<\/div>\n\t\t<\/div>\n\t\t\t\t\t<\/div>\n\t\t<\/section>\n\t\t\t\t<\/div>\n\t\t","protected":false},"excerpt":{"rendered":"<p>&nbsp; Acc\u00e8s Rapide Nos Activit\u00e9s &amp; Projets L&#8217;Equipe R\u00e9cits de succ\u00e8s Faire un don &nbsp; Page (post) title<\/p>\n","protected":false},"author":65,"featured_media":50727,"parent":0,"menu_order":0,"comment_status":"closed","ping_status":"closed","template":"","meta":{"footnotes":""},"staff-position":[],"class_list":["post-47526","page","type-page","status-publish","has-post-thumbnail","hentry"],"_links":{"self":[{"href":"https:\/\/mfwa.org\/fr\/wp-json\/wp\/v2\/pages\/47526","targetHints":{"allow":["GET"]}}],"collection":[{"href":"https:\/\/mfwa.org\/fr\/wp-json\/wp\/v2\/pages"}],"about":[{"href":"https:\/\/mfwa.org\/fr\/wp-json\/wp\/v2\/types\/page"}],"author":[{"embeddable":true,"href":"https:\/\/mfwa.org\/fr\/wp-json\/wp\/v2\/users\/65"}],"replies":[{"embeddable":true,"href":"https:\/\/mfwa.org\/fr\/wp-json\/wp\/v2\/comments?post=47526"}],"version-history":[{"count":9,"href":"https:\/\/mfwa.org\/fr\/wp-json\/wp\/v2\/pages\/47526\/revisions"}],"predecessor-version":[{"id":50934,"href":"https:\/\/mfwa.org\/fr\/wp-json\/wp\/v2\/pages\/47526\/revisions\/50934"}],"wp:featuredmedia":[{"embeddable":true,"href":"https:\/\/mfwa.org\/fr\/wp-json\/wp\/v2\/media\/50727"}],"wp:attachment":[{"href":"https:\/\/mfwa.org\/fr\/wp-json\/wp\/v2\/media?parent=47526"}],"wp:term":[{"taxonomy":"staff-position","embeddable":true,"href":"https:\/\/mfwa.org\/fr\/wp-json\/wp\/v2\/staff-position?post=47526"}],"curies":[{"name":"wp","href":"https:\/\/api.w.org\/{rel}","templated":true}]}}