{"id":47518,"date":"2025-07-29T14:47:26","date_gmt":"2025-07-29T14:47:26","guid":{"rendered":"https:\/\/demo.mfwa.org\/?page_id=47518"},"modified":"2025-08-03T07:10:51","modified_gmt":"2025-08-03T07:10:51","slug":"programmes","status":"publish","type":"page","link":"https:\/\/mfwa.org\/fr\/programmes\/","title":{"rendered":"Programmes"},"content":{"rendered":"\t\t<div data-elementor-type=\"wp-page\" data-elementor-id=\"47518\" class=\"elementor elementor-47518\" data-elementor-post-type=\"page\">\n\t\t\t\t\t\t<section class=\"elementor-section elementor-top-section elementor-element elementor-element-2fb1b71 elementor-section-full_width elementor-section-stretched elementor-section-height-default elementor-section-height-default sc_fly_static\" data-id=\"2fb1b71\" data-element_type=\"section\" data-e-type=\"section\" data-settings=\"{&quot;stretch_section&quot;:&quot;section-stretched&quot;}\">\n\t\t\t\t\t\t<div class=\"elementor-container elementor-column-gap-no\">\n\t\t\t\t\t<div class=\"elementor-column elementor-col-100 elementor-top-column elementor-element elementor-element-aeff7cd sc_content_align_inherit sc_layouts_column_icons_position_left sc_fly_static\" data-id=\"aeff7cd\" data-element_type=\"column\" data-e-type=\"column\">\n\t\t\t<div class=\"elementor-widget-wrap elementor-element-populated\">\n\t\t\t\t\t\t<div class=\"elementor-element elementor-element-5da64ef sc_fly_static elementor-widget elementor-widget-image\" data-id=\"5da64ef\" data-element_type=\"widget\" data-e-type=\"widget\" data-widget_type=\"image.default\">\n\t\t\t\t<div class=\"elementor-widget-container\">\n\t\t\t\t\t\t\t\t\t\t\t\t\t\t\t<img fetchpriority=\"high\" decoding=\"async\" width=\"2560\" height=\"1016\" src=\"https:\/\/mfwa.org\/wp-content\/uploads\/2025\/06\/media2a-scaled.jpg\" class=\"attachment-full size-full wp-image-46254\" alt=\"\" srcset=\"https:\/\/mfwa.org\/wp-content\/uploads\/2025\/06\/media2a-scaled.jpg 2560w, https:\/\/mfwa.org\/wp-content\/uploads\/2025\/06\/media2a-600x238.jpg 600w, https:\/\/mfwa.org\/wp-content\/uploads\/2025\/06\/media2a-1024x406.jpg 1024w, https:\/\/mfwa.org\/wp-content\/uploads\/2025\/06\/media2a-768x305.jpg 768w, https:\/\/mfwa.org\/wp-content\/uploads\/2025\/06\/media2a-1536x610.jpg 1536w, https:\/\/mfwa.org\/wp-content\/uploads\/2025\/06\/media2a-2048x813.jpg 2048w, https:\/\/mfwa.org\/wp-content\/uploads\/2025\/06\/media2a-370x147.jpg 370w, https:\/\/mfwa.org\/wp-content\/uploads\/2025\/06\/media2a-840x333.jpg 840w, https:\/\/mfwa.org\/wp-content\/uploads\/2025\/06\/media2a-410x163.jpg 410w\" sizes=\"(max-width: 2560px) 100vw, 2560px\" \/>\t\t\t\t\t\t\t\t\t\t\t\t\t\t\t<\/div>\n\t\t\t\t<\/div>\n\t\t\t\t\t<\/div>\n\t\t<\/div>\n\t\t\t\t\t<\/div>\n\t\t<\/section>\n\t\t\t\t<section class=\"elementor-section-with-custom-width elementor-section elementor-top-section elementor-element elementor-element-d36dbf8 elementor-reverse-mobile elementor-section-boxed elementor-section-height-default elementor-section-height-default sc_fly_static\" data-id=\"d36dbf8\" data-element_type=\"section\" data-e-type=\"section\">\n\t\t\t\t\t\t<div class=\"elementor-container elementor-column-gap-default\">\n\t\t\t\t\t<div class=\"elementor-column elementor-col-50 elementor-top-column elementor-element elementor-element-40b0107 sc_content_align_inherit sc_layouts_column_icons_position_left sc_fly_static\" data-id=\"40b0107\" data-element_type=\"column\" data-e-type=\"column\">\n\t\t\t<div class=\"elementor-widget-wrap elementor-element-populated\">\n\t\t\t\t\t\t<div class=\"elementor-element elementor-element-4546c81 sc_fly_static elementor-widget elementor-widget-html\" data-id=\"4546c81\" data-element_type=\"widget\" data-e-type=\"widget\" data-widget_type=\"html.default\">\n\t\t\t\t<div class=\"elementor-widget-container\">\n\t\t\t\t\t<!DOCTYPE html>\n<html lang=\"en\">\n<head>\n  <meta charset=\"UTF-8\">\n  <title>MFWA\u2011style Sidebar Menu<\/title>\n  <style>\n    body {\n      margin: 0;\n      font-family: \"Segoe UI\", Tahoma, Geneva, Verdana, sans-serif;\n      display: flex;\n      background-color: #f5f5f5;\n    }\n\n    .sidebar {\n      position: fixed;\n      top: 20px;\n      left: 20px;\n      width: 100%;\n      background: #fff;\n      border: 1px solid #ddd;\n      border-radius: 4px;\n      padding: 10px 0;\n      box-shadow: 0 1px 3px rgba(0,0,0,0.1);\n    }\n\n    .sidebar ul {\n      list-style: none;\n      margin: 0;\n      padding: 0;\n      height: 300px;\n      overflow-y: auto;\n    }\n\n    .sidebar ul li {\n      margin: 0;\n    }\n\n    .sidebar ul li a {\n      display: block;\n      padding: 10px 20px;\n      color: #c12d2b;\n      text-decoration: none;\n      font-size: 18px;\n      border-left: 3px solid transparent;\n      transition: background 0.2s, border-color 0.2s;\n      font-weight: 760;\n    }\n\n    .sidebar ul li a:hover {\n      background-color: #f0f0f0;\n      border-left-color: #0078d7;\n      color: #c12d2b;\n    }\n\n    .content {\n      margin-left: 240px;\n      padding: 40px;\n      flex: 1;\n    }\n\n    .dummy-content {\n      height: auto;\n    }\n  <\/style>\n<\/head>\n<body>\n\n  <nav class=\"sidebar\">\n    <ul>\n      <li><a href=\"https:\/\/mfwa.org\/fr\/programmes\/freedom-of-expression\/\">Libert\u00e9 d\u2019Expression<\/a><\/li>\n      <li><a href=\"https:\/\/mfwa.org\/fr\/programmes\/institutional-development\/\">D\u00e9veloppement Institutionnel<\/a><\/li>\n      <li><a href=\"https:\/\/mfwa.org\/fr\/programmes\/media-good-governance\/\">M\u00e9dias & Bonne Gouvernance<\/a><\/li>\n      <li><a href=\"https:\/\/mfwa.org\/fr\/programmes\/digital-rights\/\">Droits Num\u00e9riques<\/a><\/li>\n      <li><a href=\"https:\/\/mfwa.org\/fr\/programmes\/journalism-for-change\/\">Journalisme pour le Changement<\/a><\/li>\n    <\/ul>\n  <\/nav>\n\n  <main class=\"content\">\n    <div class=\"dummy-content\"><\/div>\n  <\/main>\n\n<\/body>\n<\/html>\n\t\t\t\t<\/div>\n\t\t\t\t<\/div>\n\t\t\t\t\t<\/div>\n\t\t<\/div>\n\t\t\t\t<div class=\"elementor-column elementor-col-50 elementor-top-column elementor-element elementor-element-f6bc9de sc_content_align_inherit sc_layouts_column_icons_position_left sc_fly_static\" data-id=\"f6bc9de\" data-element_type=\"column\" data-e-type=\"column\">\n\t\t\t<div class=\"elementor-widget-wrap elementor-element-populated\">\n\t\t\t\t\t\t<div class=\"elementor-element elementor-element-8bd83cf sc_fly_static elementor-widget elementor-widget-trx_sc_layouts_title\" data-id=\"8bd83cf\" data-element_type=\"widget\" data-e-type=\"widget\" data-widget_type=\"trx_sc_layouts_title.default\">\n\t\t\t\t<div class=\"elementor-widget-container\">\n\t\t\t\t\t<div class=\"sc_layouts_title with_content without_image without_tint\" ><div class=\"sc_layouts_title_content\"><div class=\"sc_layouts_title_title\"><h1 class=\"sc_layouts_title_caption\">Programmes<\/h1><\/div><div class=\"sc_layouts_title_breadcrumbs\"><div class=\"breadcrumbs\"><a class=\"breadcrumbs_item home\" href=\"https:\/\/mfwa.org\/fr\/\">Home<\/a><span class=\"breadcrumbs_delimiter\"><\/span><span class=\"breadcrumbs_item current\">Programmes<\/span><\/div><\/div><\/div><\/div>\t\t\t\t<\/div>\n\t\t\t\t<\/div>\n\t\t\t\t<div class=\"elementor-element elementor-element-593c9aa sc_fly_static elementor-widget elementor-widget-text-editor\" data-id=\"593c9aa\" data-element_type=\"widget\" data-e-type=\"widget\" data-widget_type=\"text-editor.default\">\n\t\t\t\t<div class=\"elementor-widget-container\">\n\t\t\t\t\t\t\t\t\t<p>La MFWA demeure la premi\u00e8re organisation Ouest Africaine de la libert\u00e9 d\u2019expression avec plus de 19 ann\u00e9es d\u2019exp\u00e9rience travaillant \u00e0 travers la r\u00e9gion. En 2015, nous avons entrepris une vaste analyse \u00a0contextuelle\u00a0 avec les m\u00e9dias cl\u00e9s et les d\u00e9fis de libert\u00e9 d\u2019expression et des opportunit\u00e9s \u00e0 travers l\u2019Afrique de l\u2019Ouest pour informer la r\u00e9daction de notre nouveau Plan Strat\u00e9gique 2015-2020.<\/p><p>Sur la base de l\u2019analyse approfondie du contexte et des probl\u00e8mes principaux et d\u00e9fis identifi\u00e9s, la MFWA travaille pour que les cinq ann\u00e9es \u00e0 venir soient consacr\u00e9es \u00e0 deux domaines larges de th\u00e9matiques d\u00e9nomm\u00e9s:\u00a0<strong>Libert\u00e9 d\u2019expression\u00a0; et M\u00e9dias, D\u00e9mocratie et Bonne Gouvernance.<\/strong>\u00a0Les programmes seront men\u00e9s \u00e0 travers l\u2019approche Plaidoyer \u00a0Orient\u00e9 sur l\u2019Impact\u00a0; Partenariats Strat\u00e9giques et Collaborations, Recherche et Documentation, et Syst\u00e8mes Institutionnels Renforc\u00e9s.<\/p>\t\t\t\t\t\t\t\t<\/div>\n\t\t\t\t<\/div>\n\t\t\t\t\t<\/div>\n\t\t<\/div>\n\t\t\t\t\t<\/div>\n\t\t<\/section>\n\t\t\t\t<\/div>\n\t\t","protected":false},"excerpt":{"rendered":"<p>MFWA\u2011style Sidebar Menu Libert\u00e9 d\u2019Expression D\u00e9veloppement Institutionnel M\u00e9dias &#038; Bonne Gouvernance Droits Num\u00e9riques Journalisme pour le Changement Page<\/p>\n","protected":false},"author":65,"featured_media":0,"parent":0,"menu_order":0,"comment_status":"closed","ping_status":"closed","template":"","meta":{"footnotes":""},"staff-position":[],"class_list":["post-47518","page","type-page","status-publish","hentry"],"_links":{"self":[{"href":"https:\/\/mfwa.org\/fr\/wp-json\/wp\/v2\/pages\/47518","targetHints":{"allow":["GET"]}}],"collection":[{"href":"https:\/\/mfwa.org\/fr\/wp-json\/wp\/v2\/pages"}],"about":[{"href":"https:\/\/mfwa.org\/fr\/wp-json\/wp\/v2\/types\/page"}],"author":[{"embeddable":true,"href":"https:\/\/mfwa.org\/fr\/wp-json\/wp\/v2\/users\/65"}],"replies":[{"embeddable":true,"href":"https:\/\/mfwa.org\/fr\/wp-json\/wp\/v2\/comments?post=47518"}],"version-history":[{"count":13,"href":"https:\/\/mfwa.org\/fr\/wp-json\/wp\/v2\/pages\/47518\/revisions"}],"predecessor-version":[{"id":48212,"href":"https:\/\/mfwa.org\/fr\/wp-json\/wp\/v2\/pages\/47518\/revisions\/48212"}],"wp:attachment":[{"href":"https:\/\/mfwa.org\/fr\/wp-json\/wp\/v2\/media?parent=47518"}],"wp:term":[{"taxonomy":"staff-position","embeddable":true,"href":"https:\/\/mfwa.org\/fr\/wp-json\/wp\/v2\/staff-position?post=47518"}],"curies":[{"name":"wp","href":"https:\/\/api.w.org\/{rel}","templated":true}]}}