{"id":47511,"date":"2025-07-29T14:07:42","date_gmt":"2025-07-29T14:07:42","guid":{"rendered":"https:\/\/demo.mfwa.org\/?page_id=47511"},"modified":"2025-07-29T14:10:43","modified_gmt":"2025-07-29T14:10:43","slug":"volunteer","status":"publish","type":"page","link":"https:\/\/mfwa.org\/fr\/about-us\/get-involved\/volunteer\/","title":{"rendered":"Volontariat"},"content":{"rendered":"\t\t<div data-elementor-type=\"wp-page\" data-elementor-id=\"47511\" class=\"elementor elementor-47511\" data-elementor-post-type=\"page\">\n\t\t\t\t\t\t<section class=\"elementor-section elementor-top-section elementor-element elementor-element-2fb1b71 elementor-section-full_width elementor-section-stretched elementor-section-height-default elementor-section-height-default sc_fly_static\" data-id=\"2fb1b71\" data-element_type=\"section\" data-e-type=\"section\" data-settings=\"{&quot;stretch_section&quot;:&quot;section-stretched&quot;}\">\n\t\t\t\t\t\t<div class=\"elementor-container elementor-column-gap-no\">\n\t\t\t\t\t<div class=\"elementor-column elementor-col-100 elementor-top-column elementor-element elementor-element-aeff7cd sc_content_align_inherit sc_layouts_column_icons_position_left sc_fly_static\" data-id=\"aeff7cd\" data-element_type=\"column\" data-e-type=\"column\">\n\t\t\t<div class=\"elementor-widget-wrap elementor-element-populated\">\n\t\t\t\t\t\t<div class=\"elementor-element elementor-element-5da64ef sc_fly_static elementor-widget elementor-widget-image\" data-id=\"5da64ef\" data-element_type=\"widget\" data-e-type=\"widget\" data-widget_type=\"image.default\">\n\t\t\t\t<div class=\"elementor-widget-container\">\n\t\t\t\t\t\t\t\t\t\t\t\t\t\t\t<img fetchpriority=\"high\" decoding=\"async\" width=\"2000\" height=\"784\" src=\"https:\/\/mfwa.org\/wp-content\/uploads\/2025\/07\/vltr.jpg\" class=\"attachment-full size-full wp-image-47278\" alt=\"\" srcset=\"https:\/\/mfwa.org\/wp-content\/uploads\/2025\/07\/vltr.jpg 2000w, https:\/\/mfwa.org\/wp-content\/uploads\/2025\/07\/vltr-600x235.jpg 600w, https:\/\/mfwa.org\/wp-content\/uploads\/2025\/07\/vltr-1024x401.jpg 1024w, https:\/\/mfwa.org\/wp-content\/uploads\/2025\/07\/vltr-768x301.jpg 768w, https:\/\/mfwa.org\/wp-content\/uploads\/2025\/07\/vltr-1536x602.jpg 1536w, https:\/\/mfwa.org\/wp-content\/uploads\/2025\/07\/vltr-370x145.jpg 370w, https:\/\/mfwa.org\/wp-content\/uploads\/2025\/07\/vltr-840x329.jpg 840w, https:\/\/mfwa.org\/wp-content\/uploads\/2025\/07\/vltr-410x161.jpg 410w\" sizes=\"(max-width: 2000px) 100vw, 2000px\" \/>\t\t\t\t\t\t\t\t\t\t\t\t\t\t\t<\/div>\n\t\t\t\t<\/div>\n\t\t\t\t\t<\/div>\n\t\t<\/div>\n\t\t\t\t\t<\/div>\n\t\t<\/section>\n\t\t\t\t<section class=\"elementor-section-with-custom-width elementor-section elementor-top-section elementor-element elementor-element-d36dbf8 elementor-reverse-mobile elementor-section-boxed elementor-section-height-default elementor-section-height-default sc_fly_static\" data-id=\"d36dbf8\" data-element_type=\"section\" data-e-type=\"section\">\n\t\t\t\t\t\t<div class=\"elementor-container elementor-column-gap-default\">\n\t\t\t\t\t<div class=\"elementor-column elementor-col-50 elementor-top-column elementor-element elementor-element-40b0107 sc_content_align_inherit sc_layouts_column_icons_position_left sc_fly_static\" data-id=\"40b0107\" data-element_type=\"column\" data-e-type=\"column\">\n\t\t\t<div class=\"elementor-widget-wrap elementor-element-populated\">\n\t\t\t\t\t\t<div class=\"elementor-element elementor-element-4546c81 sc_fly_static elementor-widget elementor-widget-html\" data-id=\"4546c81\" data-element_type=\"widget\" data-e-type=\"widget\" data-widget_type=\"html.default\">\n\t\t\t\t<div class=\"elementor-widget-container\">\n\t\t\t\t\t<!DOCTYPE html>\n<html lang=\"en\">\n<head>\n  <meta charset=\"UTF-8\">\n  <title>MFWA\u2011style Sidebar Menu<\/title>\n  <style>\n    body {\n      margin: 0;\n      font-family: \"Segoe UI\", Tahoma, Geneva, Verdana, sans-serif;\n      display: flex;\n      background-color: #f5f5f5;\n    }\n\n    .sidebar {\n      position: fixed;\n      top: 20px;\n      left: 20px;\n      width: 100%;\n      background: #fff;\n      border: 1px solid #ddd;\n      border-radius: 4px;\n      padding: 10px 0;\n      box-shadow: 0 1px 3px rgba(0,0,0,0.1);\n    }\n\n    .sidebar ul {\n      list-style: none;\n      margin: 0;\n      padding: 0;\n      height: 300px;\n      overflow-y: auto;\n    }\n\n    .sidebar ul li {\n      margin: 0;\n    }\n\n    .sidebar ul li a {\n      display: block;\n      padding: 10px 20px;\n      color: #c12d2b;\n      text-decoration: none;\n      font-size: 18px;\n      border-left: 3px solid transparent;\n      transition: background 0.2s, border-color 0.2s;\n      font-weight: 760;\n    }\n\n    .sidebar ul li a:hover {\n      background-color: #f0f0f0;\n      border-left-color: #0078d7;\n      color: #c12d2b;\n    }\n\n    .content {\n      margin-left: 240px;\n      padding: 40px;\n      flex: 1;\n    }\n\n    .dummy-content {\n      height: auto;\n    }\n  <\/style>\n<\/head>\n<body>\n\n  <nav class=\"sidebar\">\n      <h3>Acc\u00e8s Rapide<\/h3>\n    <ul>\n      <li><a href=\"https:\/\/mfwa.org\/donate\">Donate<\/a><\/li>\n      <li><a href=\"#\">Stage<\/a><\/li>\n      <li><a href=\"#\">Volontariat<\/a><\/li>\n    <\/ul>\n  <\/nav>\n\n  <main class=\"content\">\n    <div class=\"dummy-content\"><\/div>\n  <\/main>\n\n<\/body>\n<\/html>\n\n\n\t\t\t\t<\/div>\n\t\t\t\t<\/div>\n\t\t\t\t\t<\/div>\n\t\t<\/div>\n\t\t\t\t<div class=\"elementor-column elementor-col-50 elementor-top-column elementor-element elementor-element-f6bc9de sc_content_align_inherit sc_layouts_column_icons_position_left sc_fly_static\" data-id=\"f6bc9de\" data-element_type=\"column\" data-e-type=\"column\">\n\t\t\t<div class=\"elementor-widget-wrap elementor-element-populated\">\n\t\t\t\t\t\t<div class=\"elementor-element elementor-element-8bd83cf sc_fly_static elementor-widget elementor-widget-trx_sc_layouts_title\" data-id=\"8bd83cf\" data-element_type=\"widget\" data-e-type=\"widget\" data-widget_type=\"trx_sc_layouts_title.default\">\n\t\t\t\t<div class=\"elementor-widget-container\">\n\t\t\t\t\t<div class=\"sc_layouts_title with_content without_image without_tint\" ><div class=\"sc_layouts_title_content\"><div class=\"sc_layouts_title_title\"><h1 class=\"sc_layouts_title_caption\">Volontariat<\/h1><\/div><div class=\"sc_layouts_title_breadcrumbs\"><div class=\"breadcrumbs\"><a class=\"breadcrumbs_item home\" href=\"https:\/\/mfwa.org\/fr\/\">Home<\/a><span class=\"breadcrumbs_delimiter\"><\/span><span class=\"breadcrumbs_item current\">Volontariat<\/span><\/div><\/div><\/div><\/div>\t\t\t\t<\/div>\n\t\t\t\t<\/div>\n\t\t\t\t<div class=\"elementor-element elementor-element-593c9aa sc_fly_static elementor-widget elementor-widget-text-editor\" data-id=\"593c9aa\" data-element_type=\"widget\" data-e-type=\"widget\" data-widget_type=\"text-editor.default\">\n\t\t\t\t<div class=\"elementor-widget-container\">\n\t\t\t\t\t\t\t\t\t<div class=\"td-fix-index\"><div class=\"td-fix-index\"><div class=\"td-fix-index\"><p>Si vous \u00eates passionn\u00e9s \u00e0 propos du progr\u00e8s de la soci\u00e9t\u00e9, cr\u00e9ation de conditions qui doivent permettre aux gens de s\u2019exprimer librement eux-m\u00eames ou habiliter les m\u00e9dias \u00e0 demander des comptes rendus aupr\u00e8s des personnes au pouvoir, nous sommes heureux de vous accueillir dans notre \u00e9quipe pour contribuer au changement que nous faisons. Vous acqu\u00e9rez de nouvelles comp\u00e9tences, et allez\u00a0 avoir une compr\u00e9hension du contexte de d\u00e9veloppement de l\u2019Afrique de l\u2019Ouest, et les r\u00e9seaux \u00a0avec de nouvelles personnes dans le processus. Avec l\u2019aide de la technologie et de l\u2019internet, vous pouvez contribuer \u00e0 am\u00e9liorer la gouvernance et les droits humains en Afrique de l\u2019Ouest ou que vous vous trouvez. Vous pouvez aussi choisir de nous rejoindre \u00e0 notre si\u00e8ge \u00e0 Accra, Ghana, ou se joindre \u00e0 nos <strong><a href=\"https:\/\/www.mfwa.org\/fr\/our-partners\/national-partners\/\">Partenaires Nationaux<\/a><\/strong>.<\/p><p>Notre travail \u00e0 la MFWA est support\u00e9 par des gens comme vous. Vous pouvez contribuer de votre temps et comp\u00e9tences en appuyant dans l\u2019un des domaines ci-dessous\u00a0:<\/p><ul><li>En Partageant vos id\u00e9es de programmes innovants avec nous<\/li><li>En appuyant dans la mobilisation de fonds<\/li><li>Dans la r\u00e9daction de rapports<\/li><li>En d\u00e9veloppant des contenus pour notre site<\/li><li>En appuyant les \u00e9v\u00e9nements de l\u2019organisation<\/li><li>En appuyant les campagnes en ligne et de proximit\u00e9<\/li><\/ul><p>Etes-vous int\u00e9ress\u00e9s \u00e0 faire partie de notre \u00e9quipe comme volontaire? Veuillez nous contacter en remplissant ce formulaire ci-dessous et en attacher votre CV ou nous \u00e9crire \u00e0 \u00a0<a href=\"mailto:info@mfwa.org\">info@mfwa.org<\/a><\/p><p>En savoir davantage sur <a href=\"https:\/\/www.mfwa.org\/fr\/programmes\/\"><strong>nos programmes th\u00e9matiques<\/strong> <strong>ici<\/strong><\/a>.<\/p><\/div><\/div><\/div>\t\t\t\t\t\t\t\t<\/div>\n\t\t\t\t<\/div>\n\t\t\t\t\t<\/div>\n\t\t<\/div>\n\t\t\t\t\t<\/div>\n\t\t<\/section>\n\t\t\t\t<\/div>\n\t\t","protected":false},"excerpt":{"rendered":"<p>MFWA\u2011style Sidebar Menu Acc\u00e8s Rapide Donate Stage Volontariat Page (post) title HomePage (post) title Si vous \u00eates passionn\u00e9s<\/p>\n","protected":false},"author":65,"featured_media":0,"parent":46482,"menu_order":0,"comment_status":"closed","ping_status":"closed","template":"","meta":{"footnotes":""},"staff-position":[],"class_list":["post-47511","page","type-page","status-publish","hentry"],"_links":{"self":[{"href":"https:\/\/mfwa.org\/fr\/wp-json\/wp\/v2\/pages\/47511","targetHints":{"allow":["GET"]}}],"collection":[{"href":"https:\/\/mfwa.org\/fr\/wp-json\/wp\/v2\/pages"}],"about":[{"href":"https:\/\/mfwa.org\/fr\/wp-json\/wp\/v2\/types\/page"}],"author":[{"embeddable":true,"href":"https:\/\/mfwa.org\/fr\/wp-json\/wp\/v2\/users\/65"}],"replies":[{"embeddable":true,"href":"https:\/\/mfwa.org\/fr\/wp-json\/wp\/v2\/comments?post=47511"}],"version-history":[{"count":5,"href":"https:\/\/mfwa.org\/fr\/wp-json\/wp\/v2\/pages\/47511\/revisions"}],"predecessor-version":[{"id":47517,"href":"https:\/\/mfwa.org\/fr\/wp-json\/wp\/v2\/pages\/47511\/revisions\/47517"}],"up":[{"embeddable":true,"href":"https:\/\/mfwa.org\/fr\/wp-json\/wp\/v2\/pages\/46482"}],"wp:attachment":[{"href":"https:\/\/mfwa.org\/fr\/wp-json\/wp\/v2\/media?parent=47511"}],"wp:term":[{"taxonomy":"staff-position","embeddable":true,"href":"https:\/\/mfwa.org\/fr\/wp-json\/wp\/v2\/staff-position?post=47511"}],"curies":[{"name":"wp","href":"https:\/\/api.w.org\/{rel}","templated":true}]}}