{"id":47500,"date":"2025-07-29T13:58:10","date_gmt":"2025-07-29T13:58:10","guid":{"rendered":"https:\/\/demo.mfwa.org\/?page_id=47500"},"modified":"2025-07-29T14:00:38","modified_gmt":"2025-07-29T14:00:38","slug":"get-involved","status":"publish","type":"page","link":"https:\/\/mfwa.org\/fr\/about-us\/get-involved\/","title":{"rendered":"S&#8217;engager \u00c0 Nos C\u00f4t\u00e9s"},"content":{"rendered":"\t\t<div data-elementor-type=\"wp-page\" data-elementor-id=\"47500\" class=\"elementor elementor-47500\" data-elementor-post-type=\"page\">\n\t\t\t\t\t\t<section class=\"elementor-section elementor-top-section elementor-element elementor-element-2fb1b71 elementor-section-full_width elementor-section-stretched elementor-section-height-default elementor-section-height-default sc_fly_static\" data-id=\"2fb1b71\" data-element_type=\"section\" data-e-type=\"section\" data-settings=\"{&quot;stretch_section&quot;:&quot;section-stretched&quot;}\">\n\t\t\t\t\t\t<div class=\"elementor-container elementor-column-gap-no\">\n\t\t\t\t\t<div class=\"elementor-column elementor-col-100 elementor-top-column elementor-element elementor-element-aeff7cd sc_content_align_inherit sc_layouts_column_icons_position_left sc_fly_static\" data-id=\"aeff7cd\" data-element_type=\"column\" data-e-type=\"column\">\n\t\t\t<div class=\"elementor-widget-wrap elementor-element-populated\">\n\t\t\t\t\t\t<div class=\"elementor-element elementor-element-5da64ef sc_fly_static elementor-widget elementor-widget-image\" data-id=\"5da64ef\" data-element_type=\"widget\" data-e-type=\"widget\" data-widget_type=\"image.default\">\n\t\t\t\t<div class=\"elementor-widget-container\">\n\t\t\t\t\t\t\t\t\t\t\t\t\t\t\t<img fetchpriority=\"high\" decoding=\"async\" width=\"2000\" height=\"794\" src=\"https:\/\/mfwa.org\/wp-content\/uploads\/2025\/07\/partners-bg.jpg\" class=\"attachment-full size-full wp-image-46444\" alt=\"\" srcset=\"https:\/\/mfwa.org\/wp-content\/uploads\/2025\/07\/partners-bg.jpg 2000w, https:\/\/mfwa.org\/wp-content\/uploads\/2025\/07\/partners-bg-600x238.jpg 600w, https:\/\/mfwa.org\/wp-content\/uploads\/2025\/07\/partners-bg-1024x407.jpg 1024w, https:\/\/mfwa.org\/wp-content\/uploads\/2025\/07\/partners-bg-768x305.jpg 768w, https:\/\/mfwa.org\/wp-content\/uploads\/2025\/07\/partners-bg-1536x610.jpg 1536w, https:\/\/mfwa.org\/wp-content\/uploads\/2025\/07\/partners-bg-370x147.jpg 370w, https:\/\/mfwa.org\/wp-content\/uploads\/2025\/07\/partners-bg-840x333.jpg 840w, https:\/\/mfwa.org\/wp-content\/uploads\/2025\/07\/partners-bg-410x163.jpg 410w\" sizes=\"(max-width: 2000px) 100vw, 2000px\" \/>\t\t\t\t\t\t\t\t\t\t\t\t\t\t\t<\/div>\n\t\t\t\t<\/div>\n\t\t\t\t\t<\/div>\n\t\t<\/div>\n\t\t\t\t\t<\/div>\n\t\t<\/section>\n\t\t\t\t<section class=\"elementor-section-with-custom-width elementor-section elementor-top-section elementor-element elementor-element-d36dbf8 elementor-section-boxed elementor-section-height-default elementor-section-height-default sc_fly_static\" data-id=\"d36dbf8\" data-element_type=\"section\" data-e-type=\"section\">\n\t\t\t\t\t\t<div class=\"elementor-container elementor-column-gap-extended\">\n\t\t\t\t\t<div class=\"elementor-column elementor-col-100 elementor-top-column elementor-element elementor-element-f6bc9de sc_content_align_inherit sc_layouts_column_icons_position_left sc_fly_static\" data-id=\"f6bc9de\" data-element_type=\"column\" data-e-type=\"column\">\n\t\t\t<div class=\"elementor-widget-wrap elementor-element-populated\">\n\t\t\t\t\t\t<div class=\"elementor-element elementor-element-8bd83cf sc_fly_static elementor-widget elementor-widget-trx_sc_layouts_title\" data-id=\"8bd83cf\" data-element_type=\"widget\" data-e-type=\"widget\" data-widget_type=\"trx_sc_layouts_title.default\">\n\t\t\t\t<div class=\"elementor-widget-container\">\n\t\t\t\t\t<div class=\"sc_layouts_title with_content without_image without_tint\" ><div class=\"sc_layouts_title_content\"><div class=\"sc_layouts_title_title\"><h1 class=\"sc_layouts_title_caption\">S&#8217;engager \u00c0 Nos C\u00f4t\u00e9s<\/h1><\/div><div class=\"sc_layouts_title_breadcrumbs\"><div class=\"breadcrumbs\"><a class=\"breadcrumbs_item home\" href=\"https:\/\/mfwa.org\/fr\/\">Home<\/a><span class=\"breadcrumbs_delimiter\"><\/span><span class=\"breadcrumbs_item current\">S&#8217;engager \u00c0 Nos C\u00f4t\u00e9s<\/span><\/div><\/div><\/div><\/div>\t\t\t\t<\/div>\n\t\t\t\t<\/div>\n\t\t\t\t<section class=\"elementor-section elementor-inner-section elementor-element elementor-element-2e55947 elementor-section-boxed elementor-section-height-default elementor-section-height-default sc_fly_static\" data-id=\"2e55947\" data-element_type=\"section\" data-e-type=\"section\" data-settings=\"{&quot;background_background&quot;:&quot;classic&quot;}\">\n\t\t\t\t\t\t<div class=\"elementor-container elementor-column-gap-extended\">\n\t\t\t\t\t<div class=\"elementor-column elementor-col-100 elementor-inner-column elementor-element elementor-element-a63c558 sc_content_align_inherit sc_layouts_column_icons_position_left sc_fly_static\" data-id=\"a63c558\" data-element_type=\"column\" data-e-type=\"column\">\n\t\t\t<div class=\"elementor-widget-wrap elementor-element-populated\">\n\t\t\t\t\t\t<div class=\"elementor-element elementor-element-ed80a09 sc_fly_static elementor-widget elementor-widget-trx_sc_button\" data-id=\"ed80a09\" data-element_type=\"widget\" data-e-type=\"widget\" data-widget_type=\"trx_sc_button.default\">\n\t\t\t\t<div class=\"elementor-widget-container\">\n\t\t\t\t\t<div\tclass=\"sc_item_button sc_button_wrap sc_align_center sc_button_multiple\" ><a href=\"https:\/\/mfwa.org\/donate\" class=\"sc_button sc_button_default sc_button_multiple_item sc_button_size_small sc_button_icon_left\" ><span class=\"sc_button_text\"><span class=\"sc_button_title\">Faire Une Donation<\/span><\/span><\/a><a href=\"#\" class=\"sc_button sc_button_default sc_button_multiple_item sc_button_size_small sc_button_icon_left\" ><span class=\"sc_button_text\"><span class=\"sc_button_title\">Poste Vacant<\/span><\/span><\/a><a href=\"#\" class=\"sc_button sc_button_default sc_button_multiple_item sc_button_size_small sc_button_icon_left\" ><span class=\"sc_button_text\"><span class=\"sc_button_title\">Volontaire<\/span><\/span><\/a><\/div>\t\t\t\t<\/div>\n\t\t\t\t<\/div>\n\t\t\t\t\t<\/div>\n\t\t<\/div>\n\t\t\t\t\t<\/div>\n\t\t<\/section>\n\t\t\t\t<div class=\"elementor-element elementor-element-593c9aa sc_fly_static elementor-widget elementor-widget-text-editor\" data-id=\"593c9aa\" data-element_type=\"widget\" data-e-type=\"widget\" data-widget_type=\"text-editor.default\">\n\t\t\t\t<div class=\"elementor-widget-container\">\n\t\t\t\t\t\t\t\t\t<p>La Fondation pour les Medias en Afrique de l\u2019Ouest travaille pour promouvoir la progression des soci\u00e9t\u00e9s d\u00e9mocratiques et pacifiques en promouvant les conditions qui permettent au peuple de s\u2019exprimer eux-m\u00eames librement. Nous travaillons aussi \u00e0 renforcer les m\u00e9dias \u00e0 \u00eatre viables, ind\u00e9pendants et professionnels de telle sorte qu\u2019ils soient capables d\u2019exiger des dirigeants \u00e0 rendre des comptes et de r\u00e9clamer une meilleure gouvernance. Vous pouvez vous impliquez et contribuer \u00e0 notre travail en faisant une contribution ou en joignant notre \u00e9quipe comme un personnel, un volontaire ou un stagiaire. Veuillez cliquer sur les liens respectifs \u00e0 votre gauche pour en savoir davantage.<\/p>\t\t\t\t\t\t\t\t<\/div>\n\t\t\t\t<\/div>\n\t\t\t\t\t<\/div>\n\t\t<\/div>\n\t\t\t\t\t<\/div>\n\t\t<\/section>\n\t\t\t\t<\/div>\n\t\t","protected":false},"excerpt":{"rendered":"<p>Page (post) title HomePage (post) title Faire Une DonationPoste VacantVolontaire La Fondation pour les Medias en Afrique de<\/p>\n","protected":false},"author":65,"featured_media":0,"parent":46222,"menu_order":0,"comment_status":"closed","ping_status":"closed","template":"","meta":{"footnotes":""},"staff-position":[],"class_list":["post-47500","page","type-page","status-publish","hentry"],"_links":{"self":[{"href":"https:\/\/mfwa.org\/fr\/wp-json\/wp\/v2\/pages\/47500","targetHints":{"allow":["GET"]}}],"collection":[{"href":"https:\/\/mfwa.org\/fr\/wp-json\/wp\/v2\/pages"}],"about":[{"href":"https:\/\/mfwa.org\/fr\/wp-json\/wp\/v2\/types\/page"}],"author":[{"embeddable":true,"href":"https:\/\/mfwa.org\/fr\/wp-json\/wp\/v2\/users\/65"}],"replies":[{"embeddable":true,"href":"https:\/\/mfwa.org\/fr\/wp-json\/wp\/v2\/comments?post=47500"}],"version-history":[{"count":5,"href":"https:\/\/mfwa.org\/fr\/wp-json\/wp\/v2\/pages\/47500\/revisions"}],"predecessor-version":[{"id":47505,"href":"https:\/\/mfwa.org\/fr\/wp-json\/wp\/v2\/pages\/47500\/revisions\/47505"}],"up":[{"embeddable":true,"href":"https:\/\/mfwa.org\/fr\/wp-json\/wp\/v2\/pages\/46222"}],"wp:attachment":[{"href":"https:\/\/mfwa.org\/fr\/wp-json\/wp\/v2\/media?parent=47500"}],"wp:term":[{"taxonomy":"staff-position","embeddable":true,"href":"https:\/\/mfwa.org\/fr\/wp-json\/wp\/v2\/staff-position?post=47500"}],"curies":[{"name":"wp","href":"https:\/\/api.w.org\/{rel}","templated":true}]}}