{"id":47469,"date":"2025-07-29T13:05:08","date_gmt":"2025-07-29T13:05:08","guid":{"rendered":"https:\/\/demo.mfwa.org\/?page_id=47469"},"modified":"2025-08-03T07:08:48","modified_gmt":"2025-08-03T07:08:48","slug":"our-partners","status":"publish","type":"page","link":"https:\/\/mfwa.org\/fr\/about-us\/our-partners\/","title":{"rendered":"Partenaires"},"content":{"rendered":"\t\t<div data-elementor-type=\"wp-page\" data-elementor-id=\"47469\" class=\"elementor elementor-47469\" data-elementor-post-type=\"page\">\n\t\t\t\t\t\t<section class=\"elementor-section elementor-top-section elementor-element elementor-element-2fb1b71 elementor-section-full_width elementor-section-stretched elementor-section-height-default elementor-section-height-default sc_fly_static\" data-id=\"2fb1b71\" data-element_type=\"section\" data-e-type=\"section\" data-settings=\"{&quot;stretch_section&quot;:&quot;section-stretched&quot;}\">\n\t\t\t\t\t\t<div class=\"elementor-container elementor-column-gap-no\">\n\t\t\t\t\t<div class=\"elementor-column elementor-col-100 elementor-top-column elementor-element elementor-element-aeff7cd sc_content_align_inherit sc_layouts_column_icons_position_left sc_fly_static\" data-id=\"aeff7cd\" data-element_type=\"column\" data-e-type=\"column\">\n\t\t\t<div class=\"elementor-widget-wrap elementor-element-populated\">\n\t\t\t\t\t\t<div class=\"elementor-element elementor-element-5da64ef sc_fly_static elementor-widget elementor-widget-image\" data-id=\"5da64ef\" data-element_type=\"widget\" data-e-type=\"widget\" data-widget_type=\"image.default\">\n\t\t\t\t<div class=\"elementor-widget-container\">\n\t\t\t\t\t\t\t\t\t\t\t\t\t\t\t<img fetchpriority=\"high\" decoding=\"async\" width=\"2000\" height=\"794\" src=\"https:\/\/mfwa.org\/wp-content\/uploads\/2025\/07\/partners-bg.jpg\" class=\"attachment-full size-full wp-image-46444\" alt=\"\" srcset=\"https:\/\/mfwa.org\/wp-content\/uploads\/2025\/07\/partners-bg.jpg 2000w, https:\/\/mfwa.org\/wp-content\/uploads\/2025\/07\/partners-bg-600x238.jpg 600w, https:\/\/mfwa.org\/wp-content\/uploads\/2025\/07\/partners-bg-1024x407.jpg 1024w, https:\/\/mfwa.org\/wp-content\/uploads\/2025\/07\/partners-bg-768x305.jpg 768w, https:\/\/mfwa.org\/wp-content\/uploads\/2025\/07\/partners-bg-1536x610.jpg 1536w, https:\/\/mfwa.org\/wp-content\/uploads\/2025\/07\/partners-bg-370x147.jpg 370w, https:\/\/mfwa.org\/wp-content\/uploads\/2025\/07\/partners-bg-840x333.jpg 840w, https:\/\/mfwa.org\/wp-content\/uploads\/2025\/07\/partners-bg-410x163.jpg 410w\" sizes=\"(max-width: 2000px) 100vw, 2000px\" \/>\t\t\t\t\t\t\t\t\t\t\t\t\t\t\t<\/div>\n\t\t\t\t<\/div>\n\t\t\t\t\t<\/div>\n\t\t<\/div>\n\t\t\t\t\t<\/div>\n\t\t<\/section>\n\t\t\t\t<section class=\"elementor-section-with-custom-width elementor-section elementor-top-section elementor-element elementor-element-d36dbf8 elementor-section-boxed elementor-section-height-default elementor-section-height-default sc_fly_static\" data-id=\"d36dbf8\" data-element_type=\"section\" data-e-type=\"section\">\n\t\t\t\t\t\t<div class=\"elementor-container elementor-column-gap-extended\">\n\t\t\t\t\t<div class=\"elementor-column elementor-col-100 elementor-top-column elementor-element elementor-element-f6bc9de sc_content_align_inherit sc_layouts_column_icons_position_left sc_fly_static\" data-id=\"f6bc9de\" data-element_type=\"column\" data-e-type=\"column\">\n\t\t\t<div class=\"elementor-widget-wrap elementor-element-populated\">\n\t\t\t\t\t\t<div class=\"elementor-element elementor-element-8bd83cf sc_fly_static elementor-widget elementor-widget-trx_sc_layouts_title\" data-id=\"8bd83cf\" data-element_type=\"widget\" data-e-type=\"widget\" data-widget_type=\"trx_sc_layouts_title.default\">\n\t\t\t\t<div class=\"elementor-widget-container\">\n\t\t\t\t\t<div class=\"sc_layouts_title with_content without_image without_tint\" ><div class=\"sc_layouts_title_content\"><div class=\"sc_layouts_title_title\"><h1 class=\"sc_layouts_title_caption\">Partenaires<\/h1><\/div><div class=\"sc_layouts_title_breadcrumbs\"><div class=\"breadcrumbs\"><a class=\"breadcrumbs_item home\" href=\"https:\/\/mfwa.org\/fr\/\">Home<\/a><span class=\"breadcrumbs_delimiter\"><\/span><span class=\"breadcrumbs_item current\">Partenaires<\/span><\/div><\/div><\/div><\/div>\t\t\t\t<\/div>\n\t\t\t\t<\/div>\n\t\t\t\t<div class=\"elementor-element elementor-element-ed80a09 sc_fly_static elementor-widget elementor-widget-trx_sc_button\" data-id=\"ed80a09\" data-element_type=\"widget\" data-e-type=\"widget\" data-widget_type=\"trx_sc_button.default\">\n\t\t\t\t<div class=\"elementor-widget-container\">\n\t\t\t\t\t<div\tclass=\"sc_item_button sc_button_wrap sc_align_center sc_button_multiple\" ><a href=\"https:\/\/mfwa.org\/fr\/about-us\/our-partners\/funding-partners\/\" class=\"sc_button sc_button_default sc_button_multiple_item sc_button_size_small sc_button_icon_left\" ><span class=\"sc_button_text\"><span class=\"sc_button_title\">Partenaires Financiers<\/span><\/span><\/a><a href=\"https:\/\/mfwa.org\/fr\/about-us\/our-partners\/national-partners\/\" class=\"sc_button sc_button_default sc_button_multiple_item sc_button_size_small sc_button_icon_left\" ><span class=\"sc_button_text\"><span class=\"sc_button_title\">Partenaires Nationaux<\/span><\/span><\/a><a href=\"https:\/\/mfwa.org\/fr\/about-us\/our-partners\/our-networks\/\" class=\"sc_button sc_button_default sc_button_multiple_item sc_button_size_small sc_button_icon_left\" ><span class=\"sc_button_text\"><span class=\"sc_button_title\">Nos R\u00e9seaux<\/span><\/span><\/a><\/div>\t\t\t\t<\/div>\n\t\t\t\t<\/div>\n\t\t\t\t<div class=\"elementor-element elementor-element-593c9aa sc_fly_static elementor-widget elementor-widget-text-editor\" data-id=\"593c9aa\" data-element_type=\"widget\" data-e-type=\"widget\" data-widget_type=\"text-editor.default\">\n\t\t\t\t<div class=\"elementor-widget-container\">\n\t\t\t\t\t\t\t\t\t<div class=\"td-fix-index\"><p>Nous valorisons les b\u00e9n\u00e9fices de partenariats et de collaborations en poursuivant la libert\u00e9 d\u2019expression et habilitant les m\u00e9dias pour contribuer effectivement au d\u00e9veloppement de l\u2019Afrique de l\u2019Ouest.<\/p><p>En cons\u00e9quence, dans tout notre travail, nous forgeons les partenariats avec les organisations nationales, r\u00e9gionales et internationales cr\u00e9dibles qui sont engag\u00e9es en promouvant l\u2019ouverture des soci\u00e9t\u00e9s, la libert\u00e9 d\u2019expression, acc\u00e8s \u00e0 l\u2019information, libert\u00e9 d\u2019internet, et ind\u00e9pendance du journalisme pour le d\u00e9veloppement.<\/p><\/div>\t\t\t\t\t\t\t\t<\/div>\n\t\t\t\t<\/div>\n\t\t\t\t\t<\/div>\n\t\t<\/div>\n\t\t\t\t\t<\/div>\n\t\t<\/section>\n\t\t\t\t<\/div>\n\t\t","protected":false},"excerpt":{"rendered":"<p>Page (post) title HomePage (post) title Partenaires FinanciersPartenaires NationauxNos R\u00e9seaux Nous valorisons les b\u00e9n\u00e9fices de partenariats et de<\/p>\n","protected":false},"author":65,"featured_media":0,"parent":46222,"menu_order":0,"comment_status":"closed","ping_status":"closed","template":"","meta":{"footnotes":""},"staff-position":[],"class_list":["post-47469","page","type-page","status-publish","hentry"],"_links":{"self":[{"href":"https:\/\/mfwa.org\/fr\/wp-json\/wp\/v2\/pages\/47469","targetHints":{"allow":["GET"]}}],"collection":[{"href":"https:\/\/mfwa.org\/fr\/wp-json\/wp\/v2\/pages"}],"about":[{"href":"https:\/\/mfwa.org\/fr\/wp-json\/wp\/v2\/types\/page"}],"author":[{"embeddable":true,"href":"https:\/\/mfwa.org\/fr\/wp-json\/wp\/v2\/users\/65"}],"replies":[{"embeddable":true,"href":"https:\/\/mfwa.org\/fr\/wp-json\/wp\/v2\/comments?post=47469"}],"version-history":[{"count":11,"href":"https:\/\/mfwa.org\/fr\/wp-json\/wp\/v2\/pages\/47469\/revisions"}],"predecessor-version":[{"id":48206,"href":"https:\/\/mfwa.org\/fr\/wp-json\/wp\/v2\/pages\/47469\/revisions\/48206"}],"up":[{"embeddable":true,"href":"https:\/\/mfwa.org\/fr\/wp-json\/wp\/v2\/pages\/46222"}],"wp:attachment":[{"href":"https:\/\/mfwa.org\/fr\/wp-json\/wp\/v2\/media?parent=47469"}],"wp:term":[{"taxonomy":"staff-position","embeddable":true,"href":"https:\/\/mfwa.org\/fr\/wp-json\/wp\/v2\/staff-position?post=47469"}],"curies":[{"name":"wp","href":"https:\/\/api.w.org\/{rel}","templated":true}]}}