{"id":46273,"date":"2025-06-25T23:09:52","date_gmt":"2025-06-25T23:09:52","guid":{"rendered":"https:\/\/demo.mfwa.org\/?page_id=46273"},"modified":"2025-06-25T23:11:46","modified_gmt":"2025-06-25T23:11:46","slug":"objectives","status":"publish","type":"page","link":"https:\/\/mfwa.org\/fr\/about-us\/objectives\/","title":{"rendered":"Objectifs"},"content":{"rendered":"\t\t<div data-elementor-type=\"wp-page\" data-elementor-id=\"46273\" class=\"elementor elementor-46273\" data-elementor-post-type=\"page\">\n\t\t\t\t\t\t<section class=\"elementor-section elementor-top-section elementor-element elementor-element-2fb1b71 elementor-section-full_width elementor-section-stretched elementor-section-height-default elementor-section-height-default sc_fly_static\" data-id=\"2fb1b71\" data-element_type=\"section\" data-e-type=\"section\" data-settings=\"{&quot;stretch_section&quot;:&quot;section-stretched&quot;}\">\n\t\t\t\t\t\t<div class=\"elementor-container elementor-column-gap-no\">\n\t\t\t\t\t<div class=\"elementor-column elementor-col-100 elementor-top-column elementor-element elementor-element-aeff7cd sc_content_align_inherit sc_layouts_column_icons_position_left sc_fly_static\" data-id=\"aeff7cd\" data-element_type=\"column\" data-e-type=\"column\">\n\t\t\t<div class=\"elementor-widget-wrap elementor-element-populated\">\n\t\t\t\t\t\t<div class=\"elementor-element elementor-element-5da64ef sc_fly_static elementor-widget elementor-widget-image\" data-id=\"5da64ef\" data-element_type=\"widget\" data-e-type=\"widget\" data-widget_type=\"image.default\">\n\t\t\t\t<div class=\"elementor-widget-container\">\n\t\t\t\t\t\t\t\t\t\t\t\t\t\t\t<img fetchpriority=\"high\" decoding=\"async\" width=\"2560\" height=\"1016\" src=\"https:\/\/mfwa.org\/wp-content\/uploads\/2025\/06\/media2a-scaled.jpg\" class=\"attachment-full size-full wp-image-46254\" alt=\"\" srcset=\"https:\/\/mfwa.org\/wp-content\/uploads\/2025\/06\/media2a-scaled.jpg 2560w, https:\/\/mfwa.org\/wp-content\/uploads\/2025\/06\/media2a-600x238.jpg 600w, https:\/\/mfwa.org\/wp-content\/uploads\/2025\/06\/media2a-1024x406.jpg 1024w, https:\/\/mfwa.org\/wp-content\/uploads\/2025\/06\/media2a-768x305.jpg 768w, https:\/\/mfwa.org\/wp-content\/uploads\/2025\/06\/media2a-1536x610.jpg 1536w, https:\/\/mfwa.org\/wp-content\/uploads\/2025\/06\/media2a-2048x813.jpg 2048w, https:\/\/mfwa.org\/wp-content\/uploads\/2025\/06\/media2a-370x147.jpg 370w, https:\/\/mfwa.org\/wp-content\/uploads\/2025\/06\/media2a-840x333.jpg 840w, https:\/\/mfwa.org\/wp-content\/uploads\/2025\/06\/media2a-410x163.jpg 410w\" sizes=\"(max-width: 2560px) 100vw, 2560px\" \/>\t\t\t\t\t\t\t\t\t\t\t\t\t\t\t<\/div>\n\t\t\t\t<\/div>\n\t\t\t\t\t<\/div>\n\t\t<\/div>\n\t\t\t\t\t<\/div>\n\t\t<\/section>\n\t\t\t\t<section class=\"elementor-section-with-custom-width elementor-section elementor-top-section elementor-element elementor-element-d36dbf8 elementor-section-boxed elementor-section-height-default elementor-section-height-default sc_fly_static\" data-id=\"d36dbf8\" data-element_type=\"section\" data-e-type=\"section\">\n\t\t\t\t\t\t<div class=\"elementor-container elementor-column-gap-extended\">\n\t\t\t\t\t<div class=\"elementor-column elementor-col-100 elementor-top-column elementor-element elementor-element-f6bc9de sc_content_align_inherit sc_layouts_column_icons_position_left sc_fly_static\" data-id=\"f6bc9de\" data-element_type=\"column\" data-e-type=\"column\">\n\t\t\t<div class=\"elementor-widget-wrap elementor-element-populated\">\n\t\t\t\t\t\t<div class=\"elementor-element elementor-element-8bd83cf sc_fly_static elementor-widget elementor-widget-trx_sc_layouts_title\" data-id=\"8bd83cf\" data-element_type=\"widget\" data-e-type=\"widget\" data-widget_type=\"trx_sc_layouts_title.default\">\n\t\t\t\t<div class=\"elementor-widget-container\">\n\t\t\t\t\t<div class=\"sc_layouts_title with_content without_image without_tint\" ><div class=\"sc_layouts_title_content\"><div class=\"sc_layouts_title_title\"><h1 class=\"sc_layouts_title_caption\">Objectifs<\/h1><\/div><\/div><\/div>\t\t\t\t<\/div>\n\t\t\t\t<\/div>\n\t\t\t\t<div class=\"elementor-element elementor-element-593c9aa sc_fly_static elementor-widget elementor-widget-text-editor\" data-id=\"593c9aa\" data-element_type=\"widget\" data-e-type=\"widget\" data-widget_type=\"text-editor.default\">\n\t\t\t\t<div class=\"elementor-widget-container\">\n\t\t\t\t\t\t\t\t\t<div class=\"td-fix-index\"><h3><strong>Objectifs strat\u00e9giques<\/strong><\/h3><p>Au regard du contexte, de la vision, de la mission et du but g\u00e9n\u00e9ral, le travail de l\u2019organisation visera \u00e0 atteindre les objectifs suivants au cours de la p\u00e9riode strat\u00e9gique 2022-2024 :<\/p><ul><li>Un environnement plus libre et plus s\u00fbr pour le journalisme ind\u00e9pendant et la libert\u00e9 d\u2019expression (hors ligne et en ligne).<\/li><li>Une capacit\u00e9 m\u00e9diatique renforc\u00e9e qui permet une gouvernance participative, r\u00e9active, transparente et responsable.<\/li><li>Une efficacit\u00e9, une influence et un impact accrus de la MFWA et de ses organisations partenaires.<\/li><\/ul><p>Vous pouvez en savoir plus sur <a href=\"https:\/\/www.mfwa.org\/fr\/about-us\/\">nos valeurs fondamentales,<\/a> <a href=\"https:\/\/www.mfwa.org\/fr\/about-us\/\">notre mission et notre vision<\/a>.<\/p><\/div>\t\t\t\t\t\t\t\t<\/div>\n\t\t\t\t<\/div>\n\t\t\t\t\t<\/div>\n\t\t<\/div>\n\t\t\t\t\t<\/div>\n\t\t<\/section>\n\t\t\t\t<\/div>\n\t\t","protected":false},"excerpt":{"rendered":"<p>Page (post) title Objectifs strat\u00e9giques Au regard du contexte, de la vision, de la mission et du but<\/p>\n","protected":false},"author":65,"featured_media":0,"parent":46222,"menu_order":0,"comment_status":"closed","ping_status":"closed","template":"","meta":{"footnotes":""},"staff-position":[],"class_list":["post-46273","page","type-page","status-publish","hentry"],"_links":{"self":[{"href":"https:\/\/mfwa.org\/fr\/wp-json\/wp\/v2\/pages\/46273","targetHints":{"allow":["GET"]}}],"collection":[{"href":"https:\/\/mfwa.org\/fr\/wp-json\/wp\/v2\/pages"}],"about":[{"href":"https:\/\/mfwa.org\/fr\/wp-json\/wp\/v2\/types\/page"}],"author":[{"embeddable":true,"href":"https:\/\/mfwa.org\/fr\/wp-json\/wp\/v2\/users\/65"}],"replies":[{"embeddable":true,"href":"https:\/\/mfwa.org\/fr\/wp-json\/wp\/v2\/comments?post=46273"}],"version-history":[{"count":8,"href":"https:\/\/mfwa.org\/fr\/wp-json\/wp\/v2\/pages\/46273\/revisions"}],"predecessor-version":[{"id":46281,"href":"https:\/\/mfwa.org\/fr\/wp-json\/wp\/v2\/pages\/46273\/revisions\/46281"}],"up":[{"embeddable":true,"href":"https:\/\/mfwa.org\/fr\/wp-json\/wp\/v2\/pages\/46222"}],"wp:attachment":[{"href":"https:\/\/mfwa.org\/fr\/wp-json\/wp\/v2\/media?parent=46273"}],"wp:term":[{"taxonomy":"staff-position","embeddable":true,"href":"https:\/\/mfwa.org\/fr\/wp-json\/wp\/v2\/staff-position?post=46273"}],"curies":[{"name":"wp","href":"https:\/\/api.w.org\/{rel}","templated":true}]}}