{"id":46245,"date":"2025-06-25T22:38:43","date_gmt":"2025-06-25T22:38:43","guid":{"rendered":"https:\/\/demo.mfwa.org\/?page_id=46245"},"modified":"2025-06-25T22:59:44","modified_gmt":"2025-06-25T22:59:44","slug":"about-us","status":"publish","type":"page","link":"https:\/\/mfwa.org\/fr\/about-us\/","title":{"rendered":"Qui Nous Sommes"},"content":{"rendered":"\t\t<div data-elementor-type=\"wp-page\" data-elementor-id=\"46245\" class=\"elementor elementor-46245\" data-elementor-post-type=\"page\">\n\t\t\t\t\t\t<section class=\"elementor-section elementor-top-section elementor-element elementor-element-2fb1b71 elementor-section-full_width elementor-section-stretched elementor-section-height-default elementor-section-height-default sc_fly_static\" data-id=\"2fb1b71\" data-element_type=\"section\" data-e-type=\"section\" data-settings=\"{&quot;stretch_section&quot;:&quot;section-stretched&quot;}\">\n\t\t\t\t\t\t<div class=\"elementor-container elementor-column-gap-no\">\n\t\t\t\t\t<div class=\"elementor-column elementor-col-100 elementor-top-column elementor-element elementor-element-aeff7cd sc_content_align_inherit sc_layouts_column_icons_position_left sc_fly_static\" data-id=\"aeff7cd\" data-element_type=\"column\" data-e-type=\"column\">\n\t\t\t<div class=\"elementor-widget-wrap elementor-element-populated\">\n\t\t\t\t\t\t<div class=\"elementor-element elementor-element-5da64ef sc_fly_static elementor-widget elementor-widget-image\" data-id=\"5da64ef\" data-element_type=\"widget\" data-e-type=\"widget\" data-widget_type=\"image.default\">\n\t\t\t\t<div class=\"elementor-widget-container\">\n\t\t\t\t\t\t\t\t\t\t\t\t\t\t\t<img fetchpriority=\"high\" decoding=\"async\" width=\"2560\" height=\"1016\" src=\"https:\/\/mfwa.org\/wp-content\/uploads\/2025\/06\/media2a-scaled.jpg\" class=\"attachment-full size-full wp-image-46255\" alt=\"\" srcset=\"https:\/\/mfwa.org\/wp-content\/uploads\/2025\/06\/media2a-scaled.jpg 2560w, https:\/\/mfwa.org\/wp-content\/uploads\/2025\/06\/media2a-600x238.jpg 600w, https:\/\/mfwa.org\/wp-content\/uploads\/2025\/06\/media2a-1024x406.jpg 1024w, https:\/\/mfwa.org\/wp-content\/uploads\/2025\/06\/media2a-768x305.jpg 768w, https:\/\/mfwa.org\/wp-content\/uploads\/2025\/06\/media2a-1536x610.jpg 1536w, https:\/\/mfwa.org\/wp-content\/uploads\/2025\/06\/media2a-2048x813.jpg 2048w, https:\/\/mfwa.org\/wp-content\/uploads\/2025\/06\/media2a-370x147.jpg 370w, https:\/\/mfwa.org\/wp-content\/uploads\/2025\/06\/media2a-840x333.jpg 840w, https:\/\/mfwa.org\/wp-content\/uploads\/2025\/06\/media2a-410x163.jpg 410w\" sizes=\"(max-width: 2560px) 100vw, 2560px\" \/>\t\t\t\t\t\t\t\t\t\t\t\t\t\t\t<\/div>\n\t\t\t\t<\/div>\n\t\t\t\t\t<\/div>\n\t\t<\/div>\n\t\t\t\t\t<\/div>\n\t\t<\/section>\n\t\t\t\t<section class=\"elementor-section-with-custom-width elementor-section elementor-top-section elementor-element elementor-element-d36dbf8 elementor-section-boxed elementor-section-height-default elementor-section-height-default sc_fly_static\" data-id=\"d36dbf8\" data-element_type=\"section\" data-e-type=\"section\">\n\t\t\t\t\t\t<div class=\"elementor-container elementor-column-gap-extended\">\n\t\t\t\t\t<div class=\"elementor-column elementor-col-100 elementor-top-column elementor-element elementor-element-f6bc9de sc_content_align_inherit sc_layouts_column_icons_position_left sc_fly_static\" data-id=\"f6bc9de\" data-element_type=\"column\" data-e-type=\"column\">\n\t\t\t<div class=\"elementor-widget-wrap elementor-element-populated\">\n\t\t\t\t\t\t<div class=\"elementor-element elementor-element-8bd83cf sc_fly_static elementor-widget elementor-widget-trx_sc_layouts_title\" data-id=\"8bd83cf\" data-element_type=\"widget\" data-e-type=\"widget\" data-widget_type=\"trx_sc_layouts_title.default\">\n\t\t\t\t<div class=\"elementor-widget-container\">\n\t\t\t\t\t<div class=\"sc_layouts_title with_content without_image without_tint\" ><div class=\"sc_layouts_title_content\"><div class=\"sc_layouts_title_title\"><h1 class=\"sc_layouts_title_caption\">Qui Nous Sommes<\/h1><\/div><\/div><\/div>\t\t\t\t<\/div>\n\t\t\t\t<\/div>\n\t\t\t\t<div class=\"elementor-element elementor-element-593c9aa sc_fly_static elementor-widget elementor-widget-text-editor\" data-id=\"593c9aa\" data-element_type=\"widget\" data-e-type=\"widget\" data-widget_type=\"text-editor.default\">\n\t\t\t\t<div class=\"elementor-widget-container\">\n\t\t\t\t\t\t\t\t\t<div class=\"td-fix-index\">La MFWA est une organisation non gouvernementale r\u00e9gionale et ind\u00e9pendante avec un r\u00e9seau d\u2019<a href=\"https:\/\/www.mfwa.org\/fr\/about-us\/our-partners\/national-partners\/\">organisations partenaires nationales<\/a> dans chacun des 16 pays de la r\u00e9gion. C\u2019est l\u2019organisation de d\u00e9fense de la libert\u00e9 d\u2019expression et de d\u00e9veloppement des m\u00e9dias autochtones la plus importante et la plus influente d\u2019Afrique de l\u2019Ouest. Elle b\u00e9n\u00e9ficie du statut consultatif aupr\u00e8s de l\u2019ECOSOC (Conseil \u00e9conomique et social) et du statut d\u2019observateur aupr\u00e8s de la Commission africaine des droits de l\u2019homme et des peuples (CADHP). Elle dispose \u00e9galement d\u2019un certificat de d\u00e9termination d\u2019\u00e9quivalence (Equivalency Determination Certification, en anglais) aupr\u00e8s de <a href=\"https:\/\/www.ngosource.org\/\">NGOSource<\/a> qui certifie que l\u2019organisation est l\u2019\u00e9quivalent d\u2019une organisation caritative publique aux \u00c9tats-Unis. Par ailleurs, la MFWA sert de secr\u00e9tariat pour le r\u00e9seau continental des organisations les plus importantes en mati\u00e8re de libert\u00e9 d\u2019expression et de d\u00e9veloppement des m\u00e9dias en Afrique, connu sous le nom d\u2019\u00c9change de la libert\u00e9 d\u2019expression en Afrique (AFEX). Elle travaille \u00e9galement en partenariat avec d\u2019autres organisations r\u00e9gionales et internationales \u00e0 travers diff\u00e9rents r\u00e9seaux tels que l\u2019IFEX, l\u2019AFEX, le Centre africain pour la libert\u00e9 d\u2019information (AFIC) et la Plateforme africaine sur l\u2019acc\u00e8s \u00e0 l\u2019information (APAI). Elle travaille \u00e9galement en \u00e9troite collaboration avec l\u2019organisme intergouvernemental r\u00e9gional, la CEDEAO. Elle collabore aussi fr\u00e9quemment avec les structures de l\u2019Union africaine (UA) et de l\u2019ONU.<p>\u00a0<\/p><h3><strong>Mission<\/strong><\/h3><p>Promouvoir et d\u00e9fendre le droit \u00e0 la libert\u00e9 d\u2019expression pour tous et plus particuli\u00e8rement pour les d\u00e9fenseurs des m\u00e9dias et des droits de l\u2019homme en Afrique de l\u2019Ouest.<\/p><h3><strong>Vision<\/strong><\/h3><p>Une Afrique de l\u2019Ouest o\u00f9 chaque individu jouit du droit \u00e0 la libert\u00e9 d\u2019expression sans crainte ni menace de la part de quelque entit\u00e9 que ce soit.<\/p><h3><strong>Valeurs Fondamentales<\/strong><\/h3><ul><li>Notre int\u00e9r\u00eat et nos actions pour la promotion des droits des m\u00e9dias et du droit \u00e0 la libre expression s\u2019inspirent des principes d\u2019\u00e9galit\u00e9, de libert\u00e9 et de justice sociale, sans distinction de croyance, de race, d\u2019ethnie ou de sexe.<\/li><li>Nous sommes ind\u00e9pendants, non-partisans et non-sectaires.<\/li><li>Nous souhaitons atteindre l\u2019excellence et le professionnalisme dans notre travail.<\/li><li>Nous sommes attach\u00e9s \u00e0 la redevabilit\u00e9, \u00e0 la transparence et \u00e0 la bonne gestion.<\/li><li>Nous sommes attach\u00e9s au travail d\u2019\u00e9quipe, \u00e0 la collaboration, \u00e0 la coop\u00e9ration, au partenariat et \u00e0 la solidarit\u00e9.<\/li><\/ul><h3><strong>Objectifs Strat\u00e9giques<\/strong><\/h3><ul><li>Un environnement plus libre et plus s\u00fbr pour le journalisme ind\u00e9pendant et la libert\u00e9 d\u2019expression (hors ligne et en ligne).<\/li><li>Une capacit\u00e9 m\u00e9diatique renforc\u00e9e qui permet une gouvernance participative, r\u00e9active, transparente et responsable.<\/li><li>Une efficacit\u00e9, une influence et un impact accrus de la MFWA et de ses organisations partenaires.<\/li><\/ul><h3><strong>But Strat\u00e9gique<\/strong><\/h3><p>Au cours de la p\u00e9riode de trois ans, le but strat\u00e9gique de l\u2019organisation sera de contribuer \u00e0 garantir que :<\/p><p>Le droit \u00e0 la libert\u00e9 d\u2019expression soit respect\u00e9, prot\u00e9g\u00e9 et promu en Afrique de l\u2019Ouest ; avec une transparence et une redevabilit\u00e9 accrue dans la gouvernance gr\u00e2ce \u00e0 un journalisme de qualit\u00e9, un meilleur acc\u00e8s du public \u00e0 des informations factuelles (en ligne et hors ligne), et une participation civique plus importante dans la gouvernance.<\/p><p>Vous pouvez \u00e9galement vous renseigner sur nos <a href=\"https:\/\/www.mfwa.org\/fr\/programmes\/media-good-governance-and-development\/stage-de-formation-de-la-prochaine-generation-de-journalistes-dinvestigation\/\">programmes th\u00e9matiques<\/a>.<\/p><\/div>\t\t\t\t\t\t\t\t<\/div>\n\t\t\t\t<\/div>\n\t\t\t\t\t<\/div>\n\t\t<\/div>\n\t\t\t\t\t<\/div>\n\t\t<\/section>\n\t\t\t\t<\/div>\n\t\t","protected":false},"excerpt":{"rendered":"<p>Page (post) title La MFWA est une organisation non gouvernementale r\u00e9gionale et ind\u00e9pendante avec un r\u00e9seau d\u2019organisations partenaires<\/p>\n","protected":false},"author":65,"featured_media":0,"parent":0,"menu_order":0,"comment_status":"closed","ping_status":"closed","template":"","meta":{"footnotes":""},"staff-position":[],"class_list":["post-46245","page","type-page","status-publish","hentry"],"_links":{"self":[{"href":"https:\/\/mfwa.org\/fr\/wp-json\/wp\/v2\/pages\/46245","targetHints":{"allow":["GET"]}}],"collection":[{"href":"https:\/\/mfwa.org\/fr\/wp-json\/wp\/v2\/pages"}],"about":[{"href":"https:\/\/mfwa.org\/fr\/wp-json\/wp\/v2\/types\/page"}],"author":[{"embeddable":true,"href":"https:\/\/mfwa.org\/fr\/wp-json\/wp\/v2\/users\/65"}],"replies":[{"embeddable":true,"href":"https:\/\/mfwa.org\/fr\/wp-json\/wp\/v2\/comments?post=46245"}],"version-history":[{"count":11,"href":"https:\/\/mfwa.org\/fr\/wp-json\/wp\/v2\/pages\/46245\/revisions"}],"predecessor-version":[{"id":46264,"href":"https:\/\/mfwa.org\/fr\/wp-json\/wp\/v2\/pages\/46245\/revisions\/46264"}],"wp:attachment":[{"href":"https:\/\/mfwa.org\/fr\/wp-json\/wp\/v2\/media?parent=46245"}],"wp:term":[{"taxonomy":"staff-position","embeddable":true,"href":"https:\/\/mfwa.org\/fr\/wp-json\/wp\/v2\/staff-position?post=46245"}],"curies":[{"name":"wp","href":"https:\/\/api.w.org\/{rel}","templated":true}]}}