{"id":45908,"date":"2025-06-23T19:08:40","date_gmt":"2025-06-23T19:08:40","guid":{"rendered":"https:\/\/demo.mfwa.org\/?page_id=45908"},"modified":"2025-06-23T19:09:23","modified_gmt":"2025-06-23T19:09:23","slug":"cap-vert","status":"publish","type":"page","link":"https:\/\/mfwa.org\/fr\/cap-vert\/","title":{"rendered":"Cap Vert"},"content":{"rendered":"\t\t<div data-elementor-type=\"wp-page\" data-elementor-id=\"45908\" class=\"elementor elementor-45908\" data-elementor-post-type=\"page\">\n\t\t\t\t\t\t<section class=\"elementor-section elementor-top-section elementor-element elementor-element-248a2e5 elementor-section-boxed elementor-section-height-default elementor-section-height-default sc_fly_static\" data-id=\"248a2e5\" data-element_type=\"section\" data-e-type=\"section\" data-settings=\"{&quot;background_background&quot;:&quot;classic&quot;}\">\n\t\t\t\t\t\t<div class=\"elementor-container elementor-column-gap-extended\">\n\t\t\t\t\t<div class=\"elementor-column elementor-col-100 elementor-top-column elementor-element elementor-element-1eddfbf sc_content_align_inherit sc_layouts_column_icons_position_left sc_fly_static\" data-id=\"1eddfbf\" data-element_type=\"column\" data-e-type=\"column\">\n\t\t\t<div class=\"elementor-widget-wrap elementor-element-populated\">\n\t\t\t\t\t\t<div class=\"elementor-element elementor-element-61aaba6 sc_fly_static elementor-widget elementor-widget-mfwa-posts\" data-id=\"61aaba6\" data-element_type=\"widget\" data-e-type=\"widget\" data-widget_type=\"mfwa-posts.default\">\n\t\t\t\t<div class=\"elementor-widget-container\">\n\t\t\t\t\t<style>\n            @media (max-width: 767px) {\n                .mfwa-posts-grid {\n                    grid-template-columns: 1fr !important;\n                }\n                .page-numbers,\n                .page-numbers.current {\n                    font-size: 15px !important;\n                    padding: 10px !important;\n                    border-radius: 50px !important;\n                    margin: 5px !important;\n                }\n            }\n            @media (min-width: 768px) and (max-width: 1024px) {\n                .mfwa-posts-grid {\n                    grid-template-columns: repeat(2, 1fr) !important;\n                }\n            }\n            .page-numbers.current {\n                font-size: 30px;\n                padding: 20px;\n                background: #1877AB !important;\n                color: #fff;\n                border-radius: 90px;\n                margin: 10px;\n            }\n            .page-numbers {\n                font-size: 30px;\n                padding: 20px;\n                margin: 10px;\n                border: 1px solid !important;\n                border-radius: 80px !important;\n                color: #1877AB;\n                text-decoration: none;\n            }\n        <\/style><div class=\"mfwa-posts-grid\" style=\"display: grid; grid-template-columns: repeat(3, 1fr); gap: 20px;\"><div class=\"mfwa-post-card\" style=\"border: 0px solid #ddd; padding: 10px; border-radius: 8px; overflow: hidden;\"><a href=\"https:\/\/mfwa.org\/fr\/issues-in-focus\/la-mfwa-renforcera-les-capacites-des-journalistes-et-des-activistes-pour-eviter-les-poursuites-judiciaires\/\">\n    <div style=\"height: 220px; overflow: hidden; border-radius:6px;\">\n        <img fetchpriority=\"high\" decoding=\"async\" width=\"600\" height=\"338\" src=\"https:\/\/mfwa.org\/wp-content\/uploads\/2024\/11\/WhatsApp-Image-2024-11-20-at-11.24.54-600x338.jpeg\" class=\"attachment-medium size-medium wp-post-image\" alt=\"\" style=\"width:100%; height:100%; object-fit: cover;\" srcset=\"https:\/\/mfwa.org\/wp-content\/uploads\/2024\/11\/WhatsApp-Image-2024-11-20-at-11.24.54-600x338.jpeg 600w, https:\/\/mfwa.org\/wp-content\/uploads\/2024\/11\/WhatsApp-Image-2024-11-20-at-11.24.54-1024x576.jpeg 1024w, https:\/\/mfwa.org\/wp-content\/uploads\/2024\/11\/WhatsApp-Image-2024-11-20-at-11.24.54-768x432.jpeg 768w, https:\/\/mfwa.org\/wp-content\/uploads\/2024\/11\/WhatsApp-Image-2024-11-20-at-11.24.54-1536x864.jpeg 1536w, https:\/\/mfwa.org\/wp-content\/uploads\/2024\/11\/WhatsApp-Image-2024-11-20-at-11.24.54-150x84.jpeg 150w, https:\/\/mfwa.org\/wp-content\/uploads\/2024\/11\/WhatsApp-Image-2024-11-20-at-11.24.54-300x169.jpeg 300w, https:\/\/mfwa.org\/wp-content\/uploads\/2024\/11\/WhatsApp-Image-2024-11-20-at-11.24.54-696x392.jpeg 696w, https:\/\/mfwa.org\/wp-content\/uploads\/2024\/11\/WhatsApp-Image-2024-11-20-at-11.24.54-1068x601.jpeg 1068w, https:\/\/mfwa.org\/wp-content\/uploads\/2024\/11\/WhatsApp-Image-2024-11-20-at-11.24.54.jpeg 1600w\" sizes=\"(max-width: 600px) 100vw, 600px\" \/>\n    <\/div>\n<\/a><div style=\"margin-top: 8px; font-size: 13px; color: #666;\"><span style=\"margin-right: 10px;\"><a href=\"https:\/\/mfwa.org\/fr\/category\/free-expression-and-the-law-fr\/\" style=\"color:#c12d2b; text-decoration:none; margin-right:5px;\">La libre expression et La Loi<\/a><\/span><span><a href=\"https:\/\/mfwa.org\/fr\/country\/cap-vert\/\" style=\"color:#c12d2b; text-decoration:none; margin-right:5px;\">Cap Vert<\/a><a href=\"https:\/\/mfwa.org\/fr\/country\/guinee\/\" style=\"color:#c12d2b; text-decoration:none; margin-right:5px;\">Guin\u00e9e<\/a><a href=\"https:\/\/mfwa.org\/fr\/country\/senegal-fr\/\" style=\"color:#c12d2b; text-decoration:none; margin-right:5px;\">S\u00e9n\u00e9gal<\/a><\/span><\/div><h3 style=\"margin-top:10px;\"><a href=\"https:\/\/mfwa.org\/fr\/issues-in-focus\/la-mfwa-renforcera-les-capacites-des-journalistes-et-des-activistes-pour-eviter-les-poursuites-judiciaires\/\" style=\"text-decoration:none; color:#333; font-size:20px; line-height: 28px;\">La MFWA renforcera les capacit\u00e9s des journalistes et des activistes pour \u00e9viter les poursuites judiciaires<\/a><\/h3><\/div><div class=\"mfwa-post-card\" style=\"border: 0px solid #ddd; padding: 10px; border-radius: 8px; overflow: hidden;\"><a href=\"https:\/\/mfwa.org\/fr\/afrique-de-louest-violence-des-forces-de-securite-limpunite-des-crimes-demeure-un-defi-majeur-face-aux-droits-a-la-liberte-dexpression\/\">\n    <div style=\"height: 220px; overflow: hidden; border-radius:6px;\">\n        <img decoding=\"async\" width=\"600\" height=\"364\" src=\"https:\/\/mfwa.org\/wp-content\/uploads\/2016\/12\/police-journalists-600x364.jpg\" class=\"attachment-medium size-medium wp-post-image\" alt=\"\" style=\"width:100%; height:100%; object-fit: cover;\" srcset=\"https:\/\/mfwa.org\/wp-content\/uploads\/2016\/12\/police-journalists-600x364.jpg 600w, https:\/\/mfwa.org\/wp-content\/uploads\/2016\/12\/police-journalists-768x466.jpg 768w, https:\/\/mfwa.org\/wp-content\/uploads\/2016\/12\/police-journalists-370x224.jpg 370w, https:\/\/mfwa.org\/wp-content\/uploads\/2016\/12\/police-journalists-570x346.jpg 570w, https:\/\/mfwa.org\/wp-content\/uploads\/2016\/12\/police-journalists-770x467.jpg 770w, https:\/\/mfwa.org\/wp-content\/uploads\/2016\/12\/police-journalists-412x250.jpg 412w, https:\/\/mfwa.org\/wp-content\/uploads\/2016\/12\/police-journalists.jpg 897w\" sizes=\"(max-width: 600px) 100vw, 600px\" \/>\n    <\/div>\n<\/a><div style=\"margin-top: 8px; font-size: 13px; color: #666;\"><span style=\"margin-right: 10px;\"><a href=\"https:\/\/mfwa.org\/fr\/category\/impunity-fr\/\" style=\"color:#c12d2b; text-decoration:none; margin-right:5px;\">Impunit\u00e9<\/a><a href=\"https:\/\/mfwa.org\/fr\/category\/free-expression-violations-fr\/\" style=\"color:#c12d2b; text-decoration:none; margin-right:5px;\">Les violations de la libre expression<\/a><\/span><span><a href=\"https:\/\/mfwa.org\/fr\/country\/burkina-faso-fr\/\" style=\"color:#c12d2b; text-decoration:none; margin-right:5px;\">Burkina Faso<\/a><a href=\"https:\/\/mfwa.org\/fr\/country\/cap-vert\/\" style=\"color:#c12d2b; text-decoration:none; margin-right:5px;\">Cap Vert<\/a><a href=\"https:\/\/mfwa.org\/fr\/country\/cote-divoire-fr\/\" style=\"color:#c12d2b; text-decoration:none; margin-right:5px;\">C\u00f4te d\u2019Ivoire<\/a><a href=\"https:\/\/mfwa.org\/fr\/country\/ghana-fr\/\" style=\"color:#c12d2b; text-decoration:none; margin-right:5px;\">Ghana<\/a><a href=\"https:\/\/mfwa.org\/fr\/country\/guinee\/\" style=\"color:#c12d2b; text-decoration:none; margin-right:5px;\">Guin\u00e9e<\/a><a href=\"https:\/\/mfwa.org\/fr\/country\/gambie\/\" style=\"color:#c12d2b; text-decoration:none; margin-right:5px;\">La Gambie<\/a><a href=\"https:\/\/mfwa.org\/fr\/country\/liberia-fr\/\" style=\"color:#c12d2b; text-decoration:none; margin-right:5px;\">Lib\u00e9ria<\/a><a href=\"https:\/\/mfwa.org\/fr\/country\/mali-fr\/\" style=\"color:#c12d2b; text-decoration:none; margin-right:5px;\">Mali<\/a><a href=\"https:\/\/mfwa.org\/fr\/country\/mauritanie\/\" style=\"color:#c12d2b; text-decoration:none; margin-right:5px;\">Mauritanie<\/a><a href=\"https:\/\/mfwa.org\/fr\/country\/niger-fr\/\" style=\"color:#c12d2b; text-decoration:none; margin-right:5px;\">Niger<\/a><a href=\"https:\/\/mfwa.org\/fr\/country\/nigeria-fr\/\" style=\"color:#c12d2b; text-decoration:none; margin-right:5px;\">Nig\u00e9ria<\/a><a href=\"https:\/\/mfwa.org\/fr\/country\/senegal-fr\/\" style=\"color:#c12d2b; text-decoration:none; margin-right:5px;\">S\u00e9n\u00e9gal<\/a><a href=\"https:\/\/mfwa.org\/fr\/country\/sierra-leone-fr\/\" style=\"color:#c12d2b; text-decoration:none; margin-right:5px;\">Sierra Leone<\/a><\/span><\/div><h3 style=\"margin-top:10px;\"><a href=\"https:\/\/mfwa.org\/fr\/afrique-de-louest-violence-des-forces-de-securite-limpunite-des-crimes-demeure-un-defi-majeur-face-aux-droits-a-la-liberte-dexpression\/\" style=\"text-decoration:none; color:#333; font-size:20px; line-height: 28px;\">Afrique de l\u2019Ouest: Violence des Forces de S\u00e9curit\u00e9, l\u2019Impunit\u00e9 des Crimes Demeure un D\u00e9fi Majeur face aux Droits \u00e0 la Libert\u00e9 d\u2019Expression<\/a><\/h3><\/div><\/div><div class=\"mfwa-pagination\" style=\"margin-top: 20px; text-align: center;\"><\/div>\t\t\t\t<\/div>\n\t\t\t\t<\/div>\n\t\t\t\t\t<\/div>\n\t\t<\/div>\n\t\t\t\t\t<\/div>\n\t\t<\/section>\n\t\t\t\t<\/div>\n\t\t","protected":false},"excerpt":{"rendered":"<p>Free Expression and The LawPress FreedomCape VerdeGuinea MFWA to build capacity of journalists, activists to avoid lawsuits Safety<\/p>\n","protected":false},"author":65,"featured_media":0,"parent":0,"menu_order":0,"comment_status":"closed","ping_status":"closed","template":"","meta":{"footnotes":""},"staff-position":[],"class_list":["post-45908","page","type-page","status-publish","hentry"],"_links":{"self":[{"href":"https:\/\/mfwa.org\/fr\/wp-json\/wp\/v2\/pages\/45908","targetHints":{"allow":["GET"]}}],"collection":[{"href":"https:\/\/mfwa.org\/fr\/wp-json\/wp\/v2\/pages"}],"about":[{"href":"https:\/\/mfwa.org\/fr\/wp-json\/wp\/v2\/types\/page"}],"author":[{"embeddable":true,"href":"https:\/\/mfwa.org\/fr\/wp-json\/wp\/v2\/users\/65"}],"replies":[{"embeddable":true,"href":"https:\/\/mfwa.org\/fr\/wp-json\/wp\/v2\/comments?post=45908"}],"version-history":[{"count":1,"href":"https:\/\/mfwa.org\/fr\/wp-json\/wp\/v2\/pages\/45908\/revisions"}],"predecessor-version":[{"id":45909,"href":"https:\/\/mfwa.org\/fr\/wp-json\/wp\/v2\/pages\/45908\/revisions\/45909"}],"wp:attachment":[{"href":"https:\/\/mfwa.org\/fr\/wp-json\/wp\/v2\/media?parent=45908"}],"wp:term":[{"taxonomy":"staff-position","embeddable":true,"href":"https:\/\/mfwa.org\/fr\/wp-json\/wp\/v2\/staff-position?post=45908"}],"curies":[{"name":"wp","href":"https:\/\/api.w.org\/{rel}","templated":true}]}}